{"id":38,"date":"2021-09-06T10:26:41","date_gmt":"2021-09-06T10:26:41","guid":{"rendered":"https:\/\/demo.cmssuperheroes.com\/themeforest\/sekure\/?page_id=38"},"modified":"2023-12-29T21:27:19","modified_gmt":"2023-12-29T21:27:19","slug":"nosotros","status":"publish","type":"page","link":"https:\/\/normaplas.com\/en\/nosotros\/","title":{"rendered":"Nosotros"},"content":{"rendered":"<div data-elementor-type=\"wp-page\" data-elementor-id=\"38\" class=\"elementor elementor-38\" data-elementor-post-type=\"page\">\n\t\t\t\t\t\t<section class=\"elementor-section elementor-top-section elementor-element elementor-element-b8b65d1 elementor-section-boxed elementor-section-height-default elementor-section-height-default cms-section-no-padding-no cms-boxed-bg-false cms-section-boxed-divider-false cms-remove-row-no\" data-id=\"b8b65d1\" data-element_type=\"section\">\r\n\t\t\t<div class=\"cms-overlay-gradient\"><\/div><div class=\"cms-section-boxed-bg\"><\/div><div class=\"cms-section-boxed-divider\"><\/div><div class=\"cms-elementor-section-remove\"><\/div>\t\t\t<div class=\"elementor-container elementor-column-gap-default\" >\r\n\t\t\t        <div class=\"elementor-column elementor-col-50 elementor-top-column elementor-element elementor-element-b7c54a2\" data-id=\"b7c54a2\" data-element_type=\"column\">\r\n            <div class=\"elementor-widget-wrap elementor-element-populated\">\r\n                \t\t<div class=\"elementor-element elementor-element-43ae3b8 elementor-widget elementor-widget-heading\" data-id=\"43ae3b8\" data-element_type=\"widget\" data-widget_type=\"heading.default\">\n\t\t\t\t<div class=\"elementor-widget-container\">\n\t\t\t\t\t<h2 class=\"elementor-heading-title elementor-size-default\">Normaplas\u00ae  fabricante de perfiles pl\u00e1sticos, posicionada en el mercado con m\u00e1s de 25 a\u00f1os de experiencia.<\/h2>\t\t\t\t<\/div>\n\t\t\t\t<\/div>\n\t\t            <\/div>\r\n        <\/div>\r\n                <div class=\"elementor-column elementor-col-50 elementor-top-column elementor-element elementor-element-efb1f1b\" data-id=\"efb1f1b\" data-element_type=\"column\">\r\n            <div class=\"elementor-widget-wrap elementor-element-populated\">\r\n                \t\t<div class=\"elementor-element elementor-element-e7a828f elementor-widget elementor-widget-text-editor\" data-id=\"e7a828f\" data-element_type=\"widget\" data-widget_type=\"text-editor.default\">\n\t\t\t\t<div class=\"elementor-widget-container\">\n\t\t\t\t\t\t\t\t\t<p>Somos una empresa colombiana dedicada a la producci\u00f3n de perfiles pl\u00e1sticos a trav\u00e9s procesos de extrusi\u00f3n, que se especializa en ofrecer soluciones est\u00e9ticas para espacios y ambientes donde se desarrollan las diferentes actividades humanas. Nuestro liderazgo en el mercado se basa en la calidad, la innovaci\u00f3n de nuestros productos y en m\u00e1s de 25 a\u00f1os de experiencia en la industria donde aportamos nuestros conocimientos en los sectores el\u00e9ctrico y de la construcci\u00f3n.<\/p>\t\t\t\t\t\t\t\t<\/div>\n\t\t\t\t<\/div>\n\t\t            <\/div>\r\n        <\/div>\r\n        \t\t\t<\/div>\r\n\t\t<\/section>\r\n\t\t\t\t<section class=\"elementor-section elementor-top-section elementor-element elementor-element-7086b5a elementor-section-boxed elementor-section-height-default elementor-section-height-default cms-section-no-padding-no cms-boxed-bg-false cms-section-boxed-divider-false cms-remove-row-no\" data-id=\"7086b5a\" data-element_type=\"section\">\r\n\t\t\t<div class=\"cms-overlay-gradient\"><\/div><div class=\"cms-section-boxed-bg\"><\/div><div class=\"cms-section-boxed-divider\"><\/div><div class=\"cms-elementor-section-remove\"><\/div>\t\t\t<div class=\"elementor-container elementor-column-gap-default\" >\r\n\t\t\t        <div class=\"elementor-column elementor-col-100 elementor-top-column elementor-element elementor-element-e305991\" data-id=\"e305991\" data-element_type=\"column\">\r\n            <div class=\"elementor-widget-wrap elementor-element-populated\">\r\n                \t\t<section class=\"elementor-section elementor-inner-section elementor-element elementor-element-305d42e elementor-section-height-min-height elementor-section-content-top cms-section-no-padding-yes elementor-section-boxed elementor-section-height-default cms-remove-row-no\" data-id=\"305d42e\" data-element_type=\"section\">\r\n\t\t\t<div class=\"cms-overlay-gradient\"><\/div><div class=\"cms-section-boxed-bg\"><\/div><div class=\"cms-section-boxed-divider\"><\/div><div class=\"cms-elementor-section-remove\"><\/div>\t\t\t<div class=\"elementor-container elementor-column-gap-default\" >\r\n\t\t\t        <div class=\"elementor-column elementor-col-100 elementor-inner-column elementor-element elementor-element-a70f06b cms-shadow-1 p-tb-30 p-lr-xl-30 cms-divider divider-bottom divider-primary\" data-id=\"a70f06b\" data-element_type=\"column\">\r\n            <div class=\"elementor-widget-wrap elementor-element-populated\">\r\n                \t\t<div class=\"elementor-element elementor-element-9c1490e elementor-widget elementor-widget-heading\" data-id=\"9c1490e\" data-element_type=\"widget\" data-widget_type=\"heading.default\">\n\t\t\t\t<div class=\"elementor-widget-container\">\n\t\t\t\t\t<h1 class=\"elementor-heading-title elementor-size-default\">MISI\u00d3N<\/h1>\t\t\t\t<\/div>\n\t\t\t\t<\/div>\n\t\t\t\t<div class=\"elementor-element elementor-element-f789d69 elementor-widget-divider--view-line elementor-widget elementor-widget-divider\" data-id=\"f789d69\" data-element_type=\"widget\" data-widget_type=\"divider.default\">\n\t\t\t\t<div class=\"elementor-widget-container\">\n\t\t\t\t\t\t\t<div class=\"elementor-divider\">\n\t\t\t<span class=\"elementor-divider-separator\">\n\t\t\t\t\t\t<\/span>\n\t\t<\/div>\n\t\t\t\t\t\t<\/div>\n\t\t\t\t<\/div>\n\t\t\t\t<div class=\"elementor-element elementor-element-c2c44f8 elementor-widget elementor-widget-text-editor\" data-id=\"c2c44f8\" data-element_type=\"widget\" data-widget_type=\"text-editor.default\">\n\t\t\t\t<div class=\"elementor-widget-container\">\n\t\t\t\t\t\t\t\t\t<p>Desarrollamos soluciones funcionales y est\u00e9ticas en pl\u00e1stico para satisfacer los requerimientos de los mercados. Basamos nuestros esfuerzos y lineamientos \u00e9ticos en pro de nuestro equipo de nuestros clientes, distribuidores, todo nuestro capital humano y aliados estrat\u00e9gicos.<\/p>\t\t\t\t\t\t\t\t<\/div>\n\t\t\t\t<\/div>\n\t\t\t\t<div class=\"elementor-element elementor-element-63b3dd0 elementor-widget elementor-widget-heading\" data-id=\"63b3dd0\" data-element_type=\"widget\" data-widget_type=\"heading.default\">\n\t\t\t\t<div class=\"elementor-widget-container\">\n\t\t\t\t\t<h1 class=\"elementor-heading-title elementor-size-default\">VISI\u00d3N<\/h1>\t\t\t\t<\/div>\n\t\t\t\t<\/div>\n\t\t\t\t<div class=\"elementor-element elementor-element-eb8252d elementor-widget-divider--view-line elementor-widget elementor-widget-divider\" data-id=\"eb8252d\" data-element_type=\"widget\" data-widget_type=\"divider.default\">\n\t\t\t\t<div class=\"elementor-widget-container\">\n\t\t\t\t\t\t\t<div class=\"elementor-divider\">\n\t\t\t<span class=\"elementor-divider-separator\">\n\t\t\t\t\t\t<\/span>\n\t\t<\/div>\n\t\t\t\t\t\t<\/div>\n\t\t\t\t<\/div>\n\t\t\t\t<div class=\"elementor-element elementor-element-a8a72af elementor-widget elementor-widget-text-editor\" data-id=\"a8a72af\" data-element_type=\"widget\" data-widget_type=\"text-editor.default\">\n\t\t\t\t<div class=\"elementor-widget-container\">\n\t\t\t\t\t\t\t\t\t<p>En 2027 Normaplas\u00ae ser\u00e1 una empresa diversificada y eficiente en sus procesos operativos, incursionando en nuevos mercados.<br>Buscando ser una empresa m\u00e1s eficiente adaptada a las nuevas necesidades y cambios del mercado para continuar siendo la opcion en numero Uno.<\/p>\t\t\t\t\t\t\t\t<\/div>\n\t\t\t\t<\/div>\n\t\t\t\t<div class=\"elementor-element elementor-element-f1c3fbf elementor-widget elementor-widget-heading\" data-id=\"f1c3fbf\" data-element_type=\"widget\" data-widget_type=\"heading.default\">\n\t\t\t\t<div class=\"elementor-widget-container\">\n\t\t\t\t\t<h1 class=\"elementor-heading-title elementor-size-default\">Por qu\u00e9 confiar en nosotros<\/h1>\t\t\t\t<\/div>\n\t\t\t\t<\/div>\n\t\t\t\t<div class=\"elementor-element elementor-element-0440295 elementor-widget elementor-widget-text-editor\" data-id=\"0440295\" data-element_type=\"widget\" data-widget_type=\"text-editor.default\">\n\t\t\t\t<div class=\"elementor-widget-container\">\n\t\t\t\t\t\t\t\t\t<p>Nos enorgullecemos de ser una empresa l\u00edder en la industria de la construcci\u00f3n e industrial, y estamos aqu\u00ed para demostrar por qu\u00e9 somos la elecci\u00f3n ideal para sus necesidades.<br \/>Somos una Marca Registrada con producci\u00f3n para Colombia latinoam\u00e9rica y el Caribe.<\/p>\t\t\t\t\t\t\t\t<\/div>\n\t\t\t\t<\/div>\n\t\t            <\/div>\r\n        <\/div>\r\n        \t\t\t<\/div>\r\n\t\t<\/section>\r\n\t\t            <\/div>\r\n        <\/div>\r\n        \t\t\t<\/div>\r\n\t\t<\/section>\r\n\t\t\t\t<section class=\"elementor-section elementor-top-section elementor-element elementor-element-2c2a2924 cms-section-boxed-divider-true cms-section-boxed-divider-top cms-boxed-divider-color-custom cms-section-boxed-divider-width-full elementor-section-boxed elementor-section-height-default elementor-section-height-default cms-section-no-padding-no cms-boxed-bg-false cms-remove-row-no\" data-id=\"2c2a2924\" data-element_type=\"section\">\r\n\t\t\t<div class=\"cms-overlay-gradient\"><\/div><div class=\"cms-section-boxed-bg\"><\/div><div class=\"cms-section-boxed-divider\"><\/div><div class=\"cms-elementor-section-remove\"><\/div>\t\t\t<div class=\"elementor-container elementor-column-gap-default\" >\r\n\t\t\t        <div class=\"elementor-column elementor-col-100 elementor-top-column elementor-element elementor-element-796cc0bc\" data-id=\"796cc0bc\" data-element_type=\"column\">\r\n            <div class=\"elementor-widget-wrap\">\r\n                            <\/div>\r\n        <\/div>\r\n        \t\t\t<\/div>\r\n\t\t<\/section>\r\n\t\t\t\t<\/div>","protected":false},"excerpt":{"rendered":"<p>Normaplas\u00ae fabricante de perfiles pl\u00e1sticos, posicionada en el mercado con m\u00e1s de 25 a\u00f1os de experiencia. Somos una empresa colombiana dedicada a la producci\u00f3n de perfiles pl\u00e1sticos a trav\u00e9s procesos de extrusi\u00f3n, que se especializa en ofrecer soluciones est\u00e9ticas para espacios y ambientes donde se desarrollan las diferentes actividades humanas. Nuestro liderazgo en el mercado [&hellip;]<\/p>","protected":false},"author":1,"featured_media":0,"parent":0,"menu_order":4,"comment_status":"closed","ping_status":"closed","template":"","meta":{"_joinchat":[],"footnotes":""},"class_list":["post-38","page","type-page","status-publish","hentry","cms-no-post-thumbnail"],"yoast_head":"<!-- This site is optimized with the Yoast SEO plugin v24.0 - https:\/\/yoast.com\/wordpress\/plugins\/seo\/ -->\n<title>Nosotros - Normaplas<\/title>\n<meta name=\"description\" content=\"nosotrosDescubre nuestra historia y compromiso. En Normaplas\u00ae, nos dedicamos a ofrecer soluciones innovadoras en [tu industria]. Conoce m\u00e1s sobre nuestro equipo y valores.\" \/>\n<meta name=\"robots\" content=\"index, follow, max-snippet:-1, max-image-preview:large, max-video-preview:-1\" \/>\n<link rel=\"canonical\" href=\"https:\/\/normaplas.com\/en\/nosotros\/\" \/>\n<meta property=\"og:locale\" content=\"en_US\" \/>\n<meta property=\"og:type\" content=\"article\" \/>\n<meta property=\"og:title\" content=\"Nosotros - Normaplas\" \/>\n<meta property=\"og:description\" content=\"nosotrosDescubre nuestra historia y compromiso. En Normaplas\u00ae, nos dedicamos a ofrecer soluciones innovadoras en [tu industria]. Conoce m\u00e1s sobre nuestro equipo y valores.\" \/>\n<meta property=\"og:url\" content=\"https:\/\/normaplas.com\/en\/nosotros\/\" \/>\n<meta property=\"og:site_name\" content=\"Normaplas\" \/>\n<meta property=\"article:modified_time\" content=\"2023-12-29T21:27:19+00:00\" \/>\n<meta name=\"twitter:card\" content=\"summary_large_image\" \/>\n<meta name=\"twitter:site\" content=\"@normaplas\" \/>\n<meta name=\"twitter:label1\" content=\"Est. reading time\" \/>\n\t<meta name=\"twitter:data1\" content=\"1 minute\" \/>\n<script type=\"application\/ld+json\" class=\"yoast-schema-graph\">{\"@context\":\"https:\/\/schema.org\",\"@graph\":[{\"@type\":\"WebPage\",\"@id\":\"https:\/\/normaplas.com\/nosotros\/\",\"url\":\"https:\/\/normaplas.com\/nosotros\/\",\"name\":\"Nosotros - Normaplas\",\"isPartOf\":{\"@id\":\"https:\/\/normaplas.com\/#website\"},\"datePublished\":\"2021-09-06T10:26:41+00:00\",\"dateModified\":\"2023-12-29T21:27:19+00:00\",\"description\":\"nosotrosDescubre nuestra historia y compromiso. En Normaplas\u00ae, nos dedicamos a ofrecer soluciones innovadoras en [tu industria]. Conoce m\u00e1s sobre nuestro equipo y valores.\",\"breadcrumb\":{\"@id\":\"https:\/\/normaplas.com\/nosotros\/#breadcrumb\"},\"inLanguage\":\"en-US\",\"potentialAction\":[{\"@type\":\"ReadAction\",\"target\":[\"https:\/\/normaplas.com\/nosotros\/\"]}]},{\"@type\":\"BreadcrumbList\",\"@id\":\"https:\/\/normaplas.com\/nosotros\/#breadcrumb\",\"itemListElement\":[{\"@type\":\"ListItem\",\"position\":1,\"name\":\"Portada\",\"item\":\"https:\/\/normaplas.com\/\"},{\"@type\":\"ListItem\",\"position\":2,\"name\":\"Nosotros\"}]},{\"@type\":\"WebSite\",\"@id\":\"https:\/\/normaplas.com\/#website\",\"url\":\"https:\/\/normaplas.com\/\",\"name\":\"Normaplas\",\"description\":\"\",\"publisher\":{\"@id\":\"https:\/\/normaplas.com\/#organization\"},\"potentialAction\":[{\"@type\":\"SearchAction\",\"target\":{\"@type\":\"EntryPoint\",\"urlTemplate\":\"https:\/\/normaplas.com\/?s={search_term_string}\"},\"query-input\":{\"@type\":\"PropertyValueSpecification\",\"valueRequired\":true,\"valueName\":\"search_term_string\"}}],\"inLanguage\":\"en-US\"},{\"@type\":\"Organization\",\"@id\":\"https:\/\/normaplas.com\/#organization\",\"name\":\"Normaplas\",\"url\":\"https:\/\/normaplas.com\/\",\"logo\":{\"@type\":\"ImageObject\",\"inLanguage\":\"en-US\",\"@id\":\"https:\/\/normaplas.com\/#\/schema\/logo\/image\/\",\"url\":\"https:\/\/normaplas.com\/wp-content\/uploads\/2021\/09\/1-LOGO-NORMAPLAS-horizontal-STROKE-1-Y-0.5-y-logosimbolo-2pt.png\",\"contentUrl\":\"https:\/\/normaplas.com\/wp-content\/uploads\/2021\/09\/1-LOGO-NORMAPLAS-horizontal-STROKE-1-Y-0.5-y-logosimbolo-2pt.png\",\"width\":3229,\"height\":785,\"caption\":\"Normaplas\"},\"image\":{\"@id\":\"https:\/\/normaplas.com\/#\/schema\/logo\/image\/\"},\"sameAs\":[\"https:\/\/x.com\/normaplas\",\"https:\/\/www.instagram.com\/normaplasoficial\/\"]}]}<\/script>\n<!-- \/ Yoast SEO plugin. -->","yoast_head_json":{"title":"Nosotros - Normaplas","description":"nosotrosDescubre nuestra historia y compromiso. En Normaplas\u00ae, nos dedicamos a ofrecer soluciones innovadoras en [tu industria]. Conoce m\u00e1s sobre nuestro equipo y valores.","robots":{"index":"index","follow":"follow","max-snippet":"max-snippet:-1","max-image-preview":"max-image-preview:large","max-video-preview":"max-video-preview:-1"},"canonical":"https:\/\/normaplas.com\/en\/nosotros\/","og_locale":"en_US","og_type":"article","og_title":"Nosotros - Normaplas","og_description":"nosotrosDescubre nuestra historia y compromiso. En Normaplas\u00ae, nos dedicamos a ofrecer soluciones innovadoras en [tu industria]. Conoce m\u00e1s sobre nuestro equipo y valores.","og_url":"https:\/\/normaplas.com\/en\/nosotros\/","og_site_name":"Normaplas","article_modified_time":"2023-12-29T21:27:19+00:00","twitter_card":"summary_large_image","twitter_site":"@normaplas","twitter_misc":{"Est. reading time":"1 minute"},"schema":{"@context":"https:\/\/schema.org","@graph":[{"@type":"WebPage","@id":"https:\/\/normaplas.com\/nosotros\/","url":"https:\/\/normaplas.com\/nosotros\/","name":"Nosotros - Normaplas","isPartOf":{"@id":"https:\/\/normaplas.com\/#website"},"datePublished":"2021-09-06T10:26:41+00:00","dateModified":"2023-12-29T21:27:19+00:00","description":"nosotrosDescubre nuestra historia y compromiso. En Normaplas\u00ae, nos dedicamos a ofrecer soluciones innovadoras en [tu industria]. Conoce m\u00e1s sobre nuestro equipo y valores.","breadcrumb":{"@id":"https:\/\/normaplas.com\/nosotros\/#breadcrumb"},"inLanguage":"en-US","potentialAction":[{"@type":"ReadAction","target":["https:\/\/normaplas.com\/nosotros\/"]}]},{"@type":"BreadcrumbList","@id":"https:\/\/normaplas.com\/nosotros\/#breadcrumb","itemListElement":[{"@type":"ListItem","position":1,"name":"Portada","item":"https:\/\/normaplas.com\/"},{"@type":"ListItem","position":2,"name":"Nosotros"}]},{"@type":"WebSite","@id":"https:\/\/normaplas.com\/#website","url":"https:\/\/normaplas.com\/","name":"Normaplas","description":"","publisher":{"@id":"https:\/\/normaplas.com\/#organization"},"potentialAction":[{"@type":"SearchAction","target":{"@type":"EntryPoint","urlTemplate":"https:\/\/normaplas.com\/?s={search_term_string}"},"query-input":{"@type":"PropertyValueSpecification","valueRequired":true,"valueName":"search_term_string"}}],"inLanguage":"en-US"},{"@type":"Organization","@id":"https:\/\/normaplas.com\/#organization","name":"Normaplas","url":"https:\/\/normaplas.com\/","logo":{"@type":"ImageObject","inLanguage":"en-US","@id":"https:\/\/normaplas.com\/#\/schema\/logo\/image\/","url":"https:\/\/normaplas.com\/wp-content\/uploads\/2021\/09\/1-LOGO-NORMAPLAS-horizontal-STROKE-1-Y-0.5-y-logosimbolo-2pt.png","contentUrl":"https:\/\/normaplas.com\/wp-content\/uploads\/2021\/09\/1-LOGO-NORMAPLAS-horizontal-STROKE-1-Y-0.5-y-logosimbolo-2pt.png","width":3229,"height":785,"caption":"Normaplas"},"image":{"@id":"https:\/\/normaplas.com\/#\/schema\/logo\/image\/"},"sameAs":["https:\/\/x.com\/normaplas","https:\/\/www.instagram.com\/normaplasoficial\/"]}]}},"_links":{"self":[{"href":"https:\/\/normaplas.com\/en\/wp-json\/wp\/v2\/pages\/38","targetHints":{"allow":["GET"]}}],"collection":[{"href":"https:\/\/normaplas.com\/en\/wp-json\/wp\/v2\/pages"}],"about":[{"href":"https:\/\/normaplas.com\/en\/wp-json\/wp\/v2\/types\/page"}],"author":[{"embeddable":true,"href":"https:\/\/normaplas.com\/en\/wp-json\/wp\/v2\/users\/1"}],"replies":[{"embeddable":true,"href":"https:\/\/normaplas.com\/en\/wp-json\/wp\/v2\/comments?post=38"}],"version-history":[{"count":8,"href":"https:\/\/normaplas.com\/en\/wp-json\/wp\/v2\/pages\/38\/revisions"}],"predecessor-version":[{"id":6201,"href":"https:\/\/normaplas.com\/en\/wp-json\/wp\/v2\/pages\/38\/revisions\/6201"}],"wp:attachment":[{"href":"https:\/\/normaplas.com\/en\/wp-json\/wp\/v2\/media?parent=38"}],"curies":[{"name":"wp","href":"https:\/\/api.w.org\/{rel}","templated":true}]}}