{"id":56,"date":"2021-09-06T10:29:03","date_gmt":"2021-09-06T10:29:03","guid":{"rendered":"https:\/\/demo.cmssuperheroes.com\/themeforest\/sekure\/?page_id=56"},"modified":"2024-01-20T01:47:58","modified_gmt":"2024-01-20T01:47:58","slug":"contacts","status":"publish","type":"page","link":"https:\/\/normaplas.com\/en\/contacts\/","title":{"rendered":"Contacto"},"content":{"rendered":"<div data-elementor-type=\"wp-page\" data-elementor-id=\"56\" class=\"elementor elementor-56\" data-elementor-post-type=\"page\">\n\t\t\t\t\t\t<section class=\"elementor-section elementor-top-section elementor-element elementor-element-e0978f1 elementor-section-full_width cms-section-no-padding-yes elementor-section-height-default elementor-section-height-default cms-full-content-with-space-none cms-boxed-bg-false cms-section-boxed-divider-false cms-remove-row-no\" data-id=\"e0978f1\" data-element_type=\"section\">\r\n\t\t\t<div class=\"cms-overlay-gradient\"><\/div><div class=\"cms-section-boxed-bg\"><\/div><div class=\"cms-section-boxed-divider\"><\/div><div class=\"cms-elementor-section-remove\"><\/div>\t\t\t<div class=\"elementor-container elementor-column-gap-no\" >\r\n\t\t\t        <div class=\"elementor-column elementor-col-100 elementor-top-column elementor-element elementor-element-7effa3f\" data-id=\"7effa3f\" data-element_type=\"column\">\r\n            <div class=\"elementor-widget-wrap elementor-element-populated\">\r\n                \t\t<div class=\"elementor-element elementor-element-3767c39 elementor-widget elementor-widget-google_maps\" data-id=\"3767c39\" data-element_type=\"widget\" data-widget_type=\"google_maps.default\">\n\t\t\t\t<div class=\"elementor-widget-container\">\n\t\t\t\t\t\t\t<div class=\"elementor-custom-embed\">\n\t\t\t<iframe loading=\"lazy\"\n\t\t\t\t\tsrc=\"https:\/\/maps.google.com\/maps?q=Cl.%20154%20%23104-63%2C%20Bogot%C3%A1&#038;t=m&#038;z=17&#038;output=embed&#038;iwloc=near\"\n\t\t\t\t\ttitle=\"Cl. 154 #104-63, Bogot\u00e1\"\n\t\t\t\t\taria-label=\"Cl. 154 #104-63, Bogot\u00e1\"\n\t\t\t><\/iframe>\n\t\t<\/div>\n\t\t\t\t\t\t<\/div>\n\t\t\t\t<\/div>\n\t\t            <\/div>\r\n        <\/div>\r\n        \t\t\t<\/div>\r\n\t\t<\/section>\r\n\t\t\t\t<section class=\"elementor-section elementor-top-section elementor-element elementor-element-625fe90 mt-n145 cms-section-no-padding-yes elementor-section-boxed elementor-section-height-default elementor-section-height-default cms-boxed-bg-false cms-section-boxed-divider-false cms-remove-row-no cms-section-overvlay-with-space cms-section-overvlay-with-space-full\" data-id=\"625fe90\" data-element_type=\"section\" data-settings=\"{&quot;background_background&quot;:&quot;gradient&quot;}\">\r\n\t\t\t<div class=\"cms-overlay-gradient\"><\/div><div class=\"cms-section-boxed-bg\"><\/div><div class=\"cms-section-boxed-divider\"><\/div><div class=\"cms-elementor-section-remove\"><\/div>\t\t\t\t<div class=\"elementor-background-overlay\"><\/div>\r\n\t\t\t\t\t\t\t<div class=\"elementor-container elementor-column-gap-no\" >\r\n\t\t\t        <div class=\"elementor-column elementor-col-100 elementor-top-column elementor-element elementor-element-d4259b7\" data-id=\"d4259b7\" data-element_type=\"column\">\r\n            <div class=\"elementor-widget-wrap elementor-element-populated\">\r\n                \t\t<section class=\"elementor-section elementor-inner-section elementor-element elementor-element-34d5b90 bg-white cms-shadow-1  p-tb-40 p-lr-xl-50 elementor-section-boxed elementor-section-height-default elementor-section-height-default cms-section-no-padding-no cms-boxed-bg-false cms-section-boxed-divider-false cms-remove-row-no cms-section-overvlay-with-space cms-section-overvlay-with-space-full\" data-id=\"34d5b90\" data-element_type=\"section\" data-settings=\"{&quot;background_background&quot;:&quot;classic&quot;}\">\r\n\t\t\t<div class=\"cms-overlay-gradient\"><\/div><div class=\"cms-section-boxed-bg\"><\/div><div class=\"cms-section-boxed-divider\"><\/div><div class=\"cms-elementor-section-remove\"><\/div>\t\t\t\t<div class=\"elementor-background-overlay\"><\/div>\r\n\t\t\t\t\t\t\t<div class=\"elementor-container elementor-column-gap-default\" >\r\n\t\t\t        <div class=\"elementor-column elementor-col-100 elementor-inner-column elementor-element elementor-element-ae868f8 pl-xl-60\" data-id=\"ae868f8\" data-element_type=\"column\">\r\n            <div class=\"elementor-widget-wrap elementor-element-populated\">\r\n                \t\t<div class=\"elementor-element elementor-element-06f1886 elementor-widget elementor-widget-cms_ctf7\" data-id=\"06f1886\" data-element_type=\"widget\" data-widget_type=\"cms_ctf7.default\">\n\t\t\t\t<div class=\"elementor-widget-container\">\n\t\t\t\t\t<div class=\"cms-cf7 relative cms-cf7-layout-1\">\r\n    <div class=\"cms-cf7-inner\">\r\n        <div class=\"cms-banner\">\r\n            <div class=\"cms-cf7-banner-inner\">\r\n                    <h3 class=\"cms-mainheading cms-heading mt-n5 mb-20  text-heading empty-none\">Pedir m\u00e1s informaci\u00f3n<\/h3>\r\n    <div class=\"extra-space clearfix\"> <\/div>\r\n    <div class=\"cms-desc pb-20  text-body empty-none\">Complete el formulario o cont\u00e1ctenos a trav\u00e9s de WhatsApp para solicitar informaci\u00f3n y recibir la ayuda que necesita.<\/div>\r\n    <div class=\"extra-space clearfix\"> <\/div>\r\n            <\/div>\r\n        <\/div>\r\n        <div class=\"pt-20\">\n<div class=\"wpcf7 no-js\" id=\"wpcf7-f3290-o1\" lang=\"en-US\" dir=\"ltr\" data-wpcf7-id=\"3290\">\n<div class=\"screen-reader-response\"><p role=\"status\" aria-live=\"polite\" aria-atomic=\"true\"><\/p> <ul><\/ul><\/div>\n<form action=\"\/wp-json\/wp\/v2\/pages\/56\" method=\"post\" class=\"wpcf7-form init\" aria-label=\"Contact form\" enctype=\"multipart\/form-data\" novalidate=\"novalidate\" data-status=\"init\" data-trp-original-action=\"\/en\/wp-json\/wp\/v2\/pages\/56#wpcf7-f3290-o1\">\n<div style=\"display: none;\">\n<input type=\"hidden\" name=\"_wpcf7\" value=\"3290\" \/>\n<input type=\"hidden\" name=\"_wpcf7_version\" value=\"6.0.1\" \/>\n<input type=\"hidden\" name=\"_wpcf7_locale\" value=\"en_US\" \/>\n<input type=\"hidden\" name=\"_wpcf7_unit_tag\" value=\"wpcf7-f3290-o1\" \/>\n<input type=\"hidden\" name=\"_wpcf7_container_post\" value=\"0\" \/>\n<input type=\"hidden\" name=\"_wpcf7_posted_data_hash\" value=\"\" \/>\n<input type=\"hidden\" name=\"_wpcf7_recaptcha_response\" value=\"\" \/>\n<\/div>\n<div class=\"cms-personal-info pt-35 mt-35\">\n <div class=\"row gutters-30\">\n  <div class=\"col-12 col-md-6 mb-5\"><span class=\"wpcf7-form-control-wrap\" data-name=\"first-name\"><input size=\"40\" maxlength=\"400\" class=\"wpcf7-form-control wpcf7-text wpcf7-validates-as-required\" aria-required=\"true\" aria-invalid=\"false\" placeholder=\"Nombre de la empresa\" value=\"\" type=\"text\" name=\"first-name\" \/><\/span><\/div>\n  <div class=\"col-12 col-md-6 mb-5\"><span class=\"wpcf7-form-control-wrap\" data-name=\"last-name\"><input size=\"40\" maxlength=\"400\" class=\"wpcf7-form-control wpcf7-text wpcf7-validates-as-required\" aria-required=\"true\" aria-invalid=\"false\" placeholder=\"Nombre de contacto\" value=\"\" type=\"text\" name=\"last-name\" \/><\/span><\/div>\n  <div class=\"col-12 col-md-6 mb-5\"><span class=\"wpcf7-form-control-wrap\" data-name=\"text-431\"><input size=\"40\" maxlength=\"400\" class=\"wpcf7-form-control wpcf7-text wpcf7-validates-as-required\" aria-required=\"true\" aria-invalid=\"false\" placeholder=\"Cargo\" value=\"\" type=\"text\" name=\"text-431\" \/><\/span><\/div>\n  <div class=\"col-12 col-md-6 mb-5\"><span class=\"wpcf7-form-control-wrap\" data-name=\"email\"><input size=\"40\" maxlength=\"400\" class=\"wpcf7-form-control wpcf7-email wpcf7-validates-as-required wpcf7-text wpcf7-validates-as-email\" aria-required=\"true\" aria-invalid=\"false\" placeholder=\"Correo\" value=\"\" type=\"email\" name=\"email\" \/><\/span><\/div>\n  <div class=\"col-12 col-md-6 mb-5\"><span class=\"wpcf7-form-control-wrap\" data-name=\"phone\"><input size=\"40\" maxlength=\"400\" class=\"wpcf7-form-control wpcf7-tel wpcf7-validates-as-required wpcf7-text wpcf7-validates-as-tel\" aria-required=\"true\" aria-invalid=\"false\" placeholder=\"N\u00famero de Tel\u00e9fono\" value=\"\" type=\"tel\" name=\"phone\" \/><\/span><\/div>\n  <div class=\"col-12 col-md-6 mb-5\"><span class=\"wpcf7-form-control-wrap\" data-name=\"City\"><input size=\"40\" maxlength=\"400\" class=\"wpcf7-form-control wpcf7-text wpcf7-validates-as-required\" aria-required=\"true\" aria-invalid=\"false\" placeholder=\"Ciudad\" value=\"\" type=\"text\" name=\"City\" \/><\/span><\/div>\n  <div class=\"col-12\"><span class=\"wpcf7-form-control-wrap\" data-name=\"message\"><textarea cols=\"40\" rows=\"10\" maxlength=\"2000\" class=\"wpcf7-form-control wpcf7-textarea\" aria-invalid=\"false\" placeholder=\"Mensaje\" name=\"message\"><\/textarea><\/span><\/div>\n <\/div>\n<\/div>\n<div class=\"cms-system-interest pt-35\">\n <label class=\"mb-5\">Industria:<\/label>\n <span class=\"wpcf7-form-control-wrap\" data-name=\"SystemOfInterest\"><span class=\"wpcf7-form-control wpcf7-checkbox wpcf7-validates-as-required\"><span class=\"wpcf7-list-item first\"><label><input type=\"checkbox\" name=\"SystemOfInterest[]\" value=\"Dep\u00f3sito y\/o ferreter\u00eda\" \/><span class=\"wpcf7-list-item-label\">Dep\u00f3sito y\/o ferreter\u00eda<\/span><\/label><\/span><span class=\"wpcf7-list-item\"><label><input type=\"checkbox\" name=\"SystemOfInterest[]\" value=\"Distribuidor ferretero y\/o el\u00e9ctrico\" \/><span class=\"wpcf7-list-item-label\">Distribuidor ferretero y\/o el\u00e9ctrico<\/span><\/label><\/span><span class=\"wpcf7-list-item\"><label><input type=\"checkbox\" name=\"SystemOfInterest[]\" value=\"Mayorista ferretero y\/o el\u00e9ctrico\" \/><span class=\"wpcf7-list-item-label\">Mayorista ferretero y\/o el\u00e9ctrico<\/span><\/label><\/span><span class=\"wpcf7-list-item\"><label><input type=\"checkbox\" name=\"SystemOfInterest[]\" value=\"Empresa de telecomunicaciones\" \/><span class=\"wpcf7-list-item-label\">Empresa de telecomunicaciones<\/span><\/label><\/span><span class=\"wpcf7-list-item\"><label><input type=\"checkbox\" name=\"SystemOfInterest[]\" value=\"Constructora\" \/><span class=\"wpcf7-list-item-label\">Constructora<\/span><\/label><\/span><span class=\"wpcf7-list-item last\"><label><input type=\"checkbox\" name=\"SystemOfInterest[]\" value=\"Otra \u00e1rea\" \/><span class=\"wpcf7-list-item-label\">Otra \u00e1rea<\/span><\/label><\/span><\/span><\/span>\n<\/div>\n<div class=\"cms-system-interest pt-35\">\n <label class=\"mb-5\">Adjuntar RUT<\/label>\n<span class=\"wpcf7-form-control-wrap\" data-name=\"file-321\"><input size=\"40\" class=\"wpcf7-form-control wpcf7-file\" accept=\"audio\/*,video\/*,image\/*\" aria-invalid=\"false\" type=\"file\" name=\"file-321\" \/><\/span>\n<\/div>\n<div class=\"cms-system-interest pt-35\">\n <label class=\"mb-5\"> Al compartir su informaci\u00f3n, est\u00e1 aceptando que nos pongamos en contacto con usted a trav\u00e9s de e-mail, llamadas telef\u00f3nicas o mensajes de texto, y que utilicen sus datos de conformidad con nuestra Pol\u00edtica de privacidad y tratamiento de datos personales.<\/label>\n<\/div>\n<div class=\"pt-30\"><div class=\"cms-submit\"><button class=\"wpcf7-form-control wpcf7-submit btn btn-xl\" type=\"submit\"><span class=\"cms-btn-content\"><span class=\"wpcf7-submit-icon cms-btn-icon cmsi cmsi-arrow-circle-right rtl-flip text-26\"><\/span><span class=\"cms-btn-text\">Enviar solicitud<\/span><\/span><\/button><\/div><\/div><div class=\"wpcf7-response-output\" aria-hidden=\"true\"><\/div>\n<input type=\"hidden\" name=\"trp-form-language\" value=\"en\"\/><\/form>\n<\/div>\n<\/div>\r\n            <\/div>\r\n<\/div>\t\t\t\t<\/div>\n\t\t\t\t<\/div>\n\t\t            <\/div>\r\n        <\/div>\r\n        \t\t\t<\/div>\r\n\t\t<\/section>\r\n\t\t            <\/div>\r\n        <\/div>\r\n        \t\t\t<\/div>\r\n\t\t<\/section>\r\n\t\t\t\t<\/div>","protected":false},"excerpt":{"rendered":"<p>Pedir m\u00e1s informaci\u00f3n Complete el formulario o cont\u00e1ctenos a trav\u00e9s de WhatsApp para solicitar informaci\u00f3n y recibir la ayuda que necesita. Industria: Dep\u00f3sito y\/o ferreter\u00edaDistribuidor ferretero y\/o el\u00e9ctricoMayorista ferretero y\/o el\u00e9ctricoEmpresa de telecomunicacionesConstructoraOtra \u00e1rea Adjuntar RUT Al compartir su informaci\u00f3n, est\u00e1 aceptando que nos pongamos en contacto con usted a trav\u00e9s de e-mail, llamadas telef\u00f3nicas [&hellip;]<\/p>","protected":false},"author":1,"featured_media":0,"parent":0,"menu_order":13,"comment_status":"closed","ping_status":"closed","template":"elementor_header_footer","meta":{"_joinchat":[],"footnotes":""},"class_list":["post-56","page","type-page","status-publish","hentry","cms-no-post-thumbnail"],"yoast_head":"<!-- This site is optimized with the Yoast SEO plugin v24.0 - https:\/\/yoast.com\/wordpress\/plugins\/seo\/ -->\n<title>Contacto - Normaplas<\/title>\n<meta name=\"robots\" content=\"index, follow, max-snippet:-1, max-image-preview:large, max-video-preview:-1\" \/>\n<link rel=\"canonical\" href=\"https:\/\/normaplas.com\/en\/contacts\/\" \/>\n<meta property=\"og:locale\" content=\"en_US\" \/>\n<meta property=\"og:type\" content=\"article\" \/>\n<meta property=\"og:title\" content=\"Contacto - Normaplas\" \/>\n<meta property=\"og:description\" content=\"Pedir m\u00e1s informaci\u00f3n Complete el formulario o cont\u00e1ctenos a trav\u00e9s de WhatsApp para solicitar informaci\u00f3n y recibir la ayuda que necesita. Industria: Dep\u00f3sito y\/o ferreter\u00edaDistribuidor ferretero y\/o el\u00e9ctricoMayorista ferretero y\/o el\u00e9ctricoEmpresa de telecomunicacionesConstructoraOtra \u00e1rea Adjuntar RUT Al compartir su informaci\u00f3n, est\u00e1 aceptando que nos pongamos en contacto con usted a trav\u00e9s de e-mail, llamadas telef\u00f3nicas [&hellip;]\" \/>\n<meta property=\"og:url\" content=\"https:\/\/normaplas.com\/en\/contacts\/\" \/>\n<meta property=\"og:site_name\" content=\"Normaplas\" \/>\n<meta property=\"article:modified_time\" content=\"2024-01-20T01:47:58+00:00\" \/>\n<meta name=\"twitter:card\" content=\"summary_large_image\" \/>\n<meta name=\"twitter:site\" content=\"@normaplas\" \/>\n<meta name=\"twitter:label1\" content=\"Est. reading time\" \/>\n\t<meta name=\"twitter:data1\" content=\"1 minute\" \/>\n<script type=\"application\/ld+json\" class=\"yoast-schema-graph\">{\"@context\":\"https:\/\/schema.org\",\"@graph\":[{\"@type\":\"WebPage\",\"@id\":\"https:\/\/normaplas.com\/contacts\/\",\"url\":\"https:\/\/normaplas.com\/contacts\/\",\"name\":\"Contacto - Normaplas\",\"isPartOf\":{\"@id\":\"https:\/\/normaplas.com\/#website\"},\"datePublished\":\"2021-09-06T10:29:03+00:00\",\"dateModified\":\"2024-01-20T01:47:58+00:00\",\"breadcrumb\":{\"@id\":\"https:\/\/normaplas.com\/contacts\/#breadcrumb\"},\"inLanguage\":\"en-US\",\"potentialAction\":[{\"@type\":\"ReadAction\",\"target\":[\"https:\/\/normaplas.com\/contacts\/\"]}]},{\"@type\":\"BreadcrumbList\",\"@id\":\"https:\/\/normaplas.com\/contacts\/#breadcrumb\",\"itemListElement\":[{\"@type\":\"ListItem\",\"position\":1,\"name\":\"Portada\",\"item\":\"https:\/\/normaplas.com\/\"},{\"@type\":\"ListItem\",\"position\":2,\"name\":\"Contacto\"}]},{\"@type\":\"WebSite\",\"@id\":\"https:\/\/normaplas.com\/#website\",\"url\":\"https:\/\/normaplas.com\/\",\"name\":\"Normaplas\",\"description\":\"\",\"publisher\":{\"@id\":\"https:\/\/normaplas.com\/#organization\"},\"potentialAction\":[{\"@type\":\"SearchAction\",\"target\":{\"@type\":\"EntryPoint\",\"urlTemplate\":\"https:\/\/normaplas.com\/?s={search_term_string}\"},\"query-input\":{\"@type\":\"PropertyValueSpecification\",\"valueRequired\":true,\"valueName\":\"search_term_string\"}}],\"inLanguage\":\"en-US\"},{\"@type\":\"Organization\",\"@id\":\"https:\/\/normaplas.com\/#organization\",\"name\":\"Normaplas\",\"url\":\"https:\/\/normaplas.com\/\",\"logo\":{\"@type\":\"ImageObject\",\"inLanguage\":\"en-US\",\"@id\":\"https:\/\/normaplas.com\/#\/schema\/logo\/image\/\",\"url\":\"https:\/\/normaplas.com\/wp-content\/uploads\/2021\/09\/1-LOGO-NORMAPLAS-horizontal-STROKE-1-Y-0.5-y-logosimbolo-2pt.png\",\"contentUrl\":\"https:\/\/normaplas.com\/wp-content\/uploads\/2021\/09\/1-LOGO-NORMAPLAS-horizontal-STROKE-1-Y-0.5-y-logosimbolo-2pt.png\",\"width\":3229,\"height\":785,\"caption\":\"Normaplas\"},\"image\":{\"@id\":\"https:\/\/normaplas.com\/#\/schema\/logo\/image\/\"},\"sameAs\":[\"https:\/\/x.com\/normaplas\",\"https:\/\/www.instagram.com\/normaplasoficial\/\"]}]}<\/script>\n<!-- \/ Yoast SEO plugin. -->","yoast_head_json":{"title":"Contacto - Normaplas","robots":{"index":"index","follow":"follow","max-snippet":"max-snippet:-1","max-image-preview":"max-image-preview:large","max-video-preview":"max-video-preview:-1"},"canonical":"https:\/\/normaplas.com\/en\/contacts\/","og_locale":"en_US","og_type":"article","og_title":"Contacto - Normaplas","og_description":"Pedir m\u00e1s informaci\u00f3n Complete el formulario o cont\u00e1ctenos a trav\u00e9s de WhatsApp para solicitar informaci\u00f3n y recibir la ayuda que necesita. Industria: Dep\u00f3sito y\/o ferreter\u00edaDistribuidor ferretero y\/o el\u00e9ctricoMayorista ferretero y\/o el\u00e9ctricoEmpresa de telecomunicacionesConstructoraOtra \u00e1rea Adjuntar RUT Al compartir su informaci\u00f3n, est\u00e1 aceptando que nos pongamos en contacto con usted a trav\u00e9s de e-mail, llamadas telef\u00f3nicas [&hellip;]","og_url":"https:\/\/normaplas.com\/en\/contacts\/","og_site_name":"Normaplas","article_modified_time":"2024-01-20T01:47:58+00:00","twitter_card":"summary_large_image","twitter_site":"@normaplas","twitter_misc":{"Est. reading time":"1 minute"},"schema":{"@context":"https:\/\/schema.org","@graph":[{"@type":"WebPage","@id":"https:\/\/normaplas.com\/contacts\/","url":"https:\/\/normaplas.com\/contacts\/","name":"Contacto - Normaplas","isPartOf":{"@id":"https:\/\/normaplas.com\/#website"},"datePublished":"2021-09-06T10:29:03+00:00","dateModified":"2024-01-20T01:47:58+00:00","breadcrumb":{"@id":"https:\/\/normaplas.com\/contacts\/#breadcrumb"},"inLanguage":"en-US","potentialAction":[{"@type":"ReadAction","target":["https:\/\/normaplas.com\/contacts\/"]}]},{"@type":"BreadcrumbList","@id":"https:\/\/normaplas.com\/contacts\/#breadcrumb","itemListElement":[{"@type":"ListItem","position":1,"name":"Portada","item":"https:\/\/normaplas.com\/"},{"@type":"ListItem","position":2,"name":"Contacto"}]},{"@type":"WebSite","@id":"https:\/\/normaplas.com\/#website","url":"https:\/\/normaplas.com\/","name":"Normaplas","description":"","publisher":{"@id":"https:\/\/normaplas.com\/#organization"},"potentialAction":[{"@type":"SearchAction","target":{"@type":"EntryPoint","urlTemplate":"https:\/\/normaplas.com\/?s={search_term_string}"},"query-input":{"@type":"PropertyValueSpecification","valueRequired":true,"valueName":"search_term_string"}}],"inLanguage":"en-US"},{"@type":"Organization","@id":"https:\/\/normaplas.com\/#organization","name":"Normaplas","url":"https:\/\/normaplas.com\/","logo":{"@type":"ImageObject","inLanguage":"en-US","@id":"https:\/\/normaplas.com\/#\/schema\/logo\/image\/","url":"https:\/\/normaplas.com\/wp-content\/uploads\/2021\/09\/1-LOGO-NORMAPLAS-horizontal-STROKE-1-Y-0.5-y-logosimbolo-2pt.png","contentUrl":"https:\/\/normaplas.com\/wp-content\/uploads\/2021\/09\/1-LOGO-NORMAPLAS-horizontal-STROKE-1-Y-0.5-y-logosimbolo-2pt.png","width":3229,"height":785,"caption":"Normaplas"},"image":{"@id":"https:\/\/normaplas.com\/#\/schema\/logo\/image\/"},"sameAs":["https:\/\/x.com\/normaplas","https:\/\/www.instagram.com\/normaplasoficial\/"]}]}},"_links":{"self":[{"href":"https:\/\/normaplas.com\/en\/wp-json\/wp\/v2\/pages\/56","targetHints":{"allow":["GET"]}}],"collection":[{"href":"https:\/\/normaplas.com\/en\/wp-json\/wp\/v2\/pages"}],"about":[{"href":"https:\/\/normaplas.com\/en\/wp-json\/wp\/v2\/types\/page"}],"author":[{"embeddable":true,"href":"https:\/\/normaplas.com\/en\/wp-json\/wp\/v2\/users\/1"}],"replies":[{"embeddable":true,"href":"https:\/\/normaplas.com\/en\/wp-json\/wp\/v2\/comments?post=56"}],"version-history":[{"count":27,"href":"https:\/\/normaplas.com\/en\/wp-json\/wp\/v2\/pages\/56\/revisions"}],"predecessor-version":[{"id":6472,"href":"https:\/\/normaplas.com\/en\/wp-json\/wp\/v2\/pages\/56\/revisions\/6472"}],"wp:attachment":[{"href":"https:\/\/normaplas.com\/en\/wp-json\/wp\/v2\/media?parent=56"}],"curies":[{"name":"wp","href":"https:\/\/api.w.org\/{rel}","templated":true}]}}