{"id":5285,"date":"2023-08-29T02:48:59","date_gmt":"2023-08-29T02:48:59","guid":{"rendered":"https:\/\/normaplas.com\/?post_type=product&#038;p=5285"},"modified":"2023-12-17T23:50:38","modified_gmt":"2023-12-17T23:50:38","slug":"canaleta-40x25-mm","status":"publish","type":"product","link":"https:\/\/normaplas.com\/en\/product\/canaleta-40x25-mm\/","title":{"rendered":"Canaleta 40&#215;25 mm &#8211; 2.0m Largo"},"content":{"rendered":"<p>Canaletas porta cables elaboradas en PVC r\u00edgido son ideales para distribuir y organizar cableado estructurado. Su dise\u00f1o de cierre de tapa completa asegura que los cables se mantengan en su lugar facilitando su instalaci\u00f3n.<\/p>","protected":false},"excerpt":{"rendered":"<p><img fetchpriority=\"high\" decoding=\"async\" class=\"alignnone wp-image-6245 size-large\" src=\"https:\/\/normaplas.com\/wp-content\/uploads\/2023\/08\/40x25-plano-fijo-840x562.png\" alt=\"\" width=\"840\" height=\"562\" srcset=\"https:\/\/normaplas.com\/wp-content\/uploads\/2023\/08\/40x25-plano-fijo-840x562.png 840w, https:\/\/normaplas.com\/wp-content\/uploads\/2023\/08\/40x25-plano-fijo-770x514.png 770w\" sizes=\"(max-width: 840px) 100vw, 840px\" \/><\/p>","protected":false},"featured_media":5286,"template":"","meta":{"_joinchat":[]},"product_cat":[77,54,19],"product_tag":[104,103,90,86,105],"class_list":{"0":"post-5285","1":"product","2":"type-product","3":"status-publish","4":"has-post-thumbnail","6":"product_cat-40-x-25-mm","7":"product_cat-canaletas-porta-cables","8":"product_cat-linea-electrica","9":"product_tag-1-pulgadas","10":"product_tag-40x25mm","11":"product_tag-canaleta-adhesiva","12":"product_tag-canaleta-blanca-pvc","13":"product_tag-canaleta-cable","14":"cms-has-post-thumbnail","16":"first","17":"instock","18":"shipping-taxable","19":"product-type-simple"},"yoast_head":"<!-- This site is optimized with the Yoast SEO plugin v24.0 - https:\/\/yoast.com\/wordpress\/plugins\/seo\/ -->\n<title>Canaleta 40x25 mm - 2.0m Largo - Normaplas<\/title>\n<meta name=\"robots\" content=\"index, follow, max-snippet:-1, max-image-preview:large, max-video-preview:-1\" \/>\n<link rel=\"canonical\" href=\"https:\/\/normaplas.com\/en\/product\/canaleta-40x25-mm\/\" \/>\n<meta property=\"og:locale\" content=\"en_US\" \/>\n<meta property=\"og:type\" content=\"article\" \/>\n<meta property=\"og:title\" content=\"Canaleta 40x25 mm - 2.0m Largo - Normaplas\" \/>\n<meta property=\"og:url\" content=\"https:\/\/normaplas.com\/en\/product\/canaleta-40x25-mm\/\" \/>\n<meta property=\"og:site_name\" content=\"Normaplas\" \/>\n<meta property=\"article:modified_time\" content=\"2023-12-17T23:50:38+00:00\" \/>\n<meta property=\"og:image\" content=\"https:\/\/normaplas.com\/wp-content\/uploads\/2023\/08\/40x25.png\" \/>\n\t<meta property=\"og:image:width\" content=\"600\" \/>\n\t<meta property=\"og:image:height\" content=\"600\" \/>\n\t<meta property=\"og:image:type\" content=\"image\/png\" \/>\n<meta name=\"twitter:card\" content=\"summary_large_image\" \/>\n<meta name=\"twitter:site\" content=\"@normaplas\" \/>\n<meta name=\"twitter:label1\" content=\"Est. reading time\" \/>\n\t<meta name=\"twitter:data1\" content=\"1 minute\" \/>\n<script type=\"application\/ld+json\" class=\"yoast-schema-graph\">{\"@context\":\"https:\/\/schema.org\",\"@graph\":[{\"@type\":\"WebPage\",\"@id\":\"https:\/\/normaplas.com\/producto\/canaleta-40x25-mm\/\",\"url\":\"https:\/\/normaplas.com\/producto\/canaleta-40x25-mm\/\",\"name\":\"Canaleta 40x25 mm - 2.0m Largo - Normaplas\",\"isPartOf\":{\"@id\":\"https:\/\/normaplas.com\/#website\"},\"primaryImageOfPage\":{\"@id\":\"https:\/\/normaplas.com\/producto\/canaleta-40x25-mm\/#primaryimage\"},\"image\":{\"@id\":\"https:\/\/normaplas.com\/producto\/canaleta-40x25-mm\/#primaryimage\"},\"thumbnailUrl\":\"https:\/\/normaplas.com\/wp-content\/uploads\/2023\/08\/40x25.png\",\"datePublished\":\"2023-08-29T02:48:59+00:00\",\"dateModified\":\"2023-12-17T23:50:38+00:00\",\"breadcrumb\":{\"@id\":\"https:\/\/normaplas.com\/producto\/canaleta-40x25-mm\/#breadcrumb\"},\"inLanguage\":\"en-US\",\"potentialAction\":[{\"@type\":\"ReadAction\",\"target\":[\"https:\/\/normaplas.com\/producto\/canaleta-40x25-mm\/\"]}]},{\"@type\":\"ImageObject\",\"inLanguage\":\"en-US\",\"@id\":\"https:\/\/normaplas.com\/producto\/canaleta-40x25-mm\/#primaryimage\",\"url\":\"https:\/\/normaplas.com\/wp-content\/uploads\/2023\/08\/40x25.png\",\"contentUrl\":\"https:\/\/normaplas.com\/wp-content\/uploads\/2023\/08\/40x25.png\",\"width\":600,\"height\":600},{\"@type\":\"BreadcrumbList\",\"@id\":\"https:\/\/normaplas.com\/producto\/canaleta-40x25-mm\/#breadcrumb\",\"itemListElement\":[{\"@type\":\"ListItem\",\"position\":1,\"name\":\"Portada\",\"item\":\"https:\/\/normaplas.com\/\"},{\"@type\":\"ListItem\",\"position\":2,\"name\":\"Productos\",\"item\":\"https:\/\/normaplas.com\/shop\/\"},{\"@type\":\"ListItem\",\"position\":3,\"name\":\"Canaleta 40&#215;25 mm &#8211; 2.0m Largo\"}]},{\"@type\":\"WebSite\",\"@id\":\"https:\/\/normaplas.com\/#website\",\"url\":\"https:\/\/normaplas.com\/\",\"name\":\"Normaplas\",\"description\":\"\",\"publisher\":{\"@id\":\"https:\/\/normaplas.com\/#organization\"},\"potentialAction\":[{\"@type\":\"SearchAction\",\"target\":{\"@type\":\"EntryPoint\",\"urlTemplate\":\"https:\/\/normaplas.com\/?s={search_term_string}\"},\"query-input\":{\"@type\":\"PropertyValueSpecification\",\"valueRequired\":true,\"valueName\":\"search_term_string\"}}],\"inLanguage\":\"en-US\"},{\"@type\":\"Organization\",\"@id\":\"https:\/\/normaplas.com\/#organization\",\"name\":\"Normaplas\",\"url\":\"https:\/\/normaplas.com\/\",\"logo\":{\"@type\":\"ImageObject\",\"inLanguage\":\"en-US\",\"@id\":\"https:\/\/normaplas.com\/#\/schema\/logo\/image\/\",\"url\":\"https:\/\/normaplas.com\/wp-content\/uploads\/2021\/09\/1-LOGO-NORMAPLAS-horizontal-STROKE-1-Y-0.5-y-logosimbolo-2pt.png\",\"contentUrl\":\"https:\/\/normaplas.com\/wp-content\/uploads\/2021\/09\/1-LOGO-NORMAPLAS-horizontal-STROKE-1-Y-0.5-y-logosimbolo-2pt.png\",\"width\":3229,\"height\":785,\"caption\":\"Normaplas\"},\"image\":{\"@id\":\"https:\/\/normaplas.com\/#\/schema\/logo\/image\/\"},\"sameAs\":[\"https:\/\/x.com\/normaplas\",\"https:\/\/www.instagram.com\/normaplasoficial\/\"]}]}<\/script>\n<!-- \/ Yoast SEO plugin. -->","yoast_head_json":{"title":"Canaleta 40x25 mm - 2.0m Largo - Normaplas","robots":{"index":"index","follow":"follow","max-snippet":"max-snippet:-1","max-image-preview":"max-image-preview:large","max-video-preview":"max-video-preview:-1"},"canonical":"https:\/\/normaplas.com\/en\/product\/canaleta-40x25-mm\/","og_locale":"en_US","og_type":"article","og_title":"Canaleta 40x25 mm - 2.0m Largo - Normaplas","og_url":"https:\/\/normaplas.com\/en\/product\/canaleta-40x25-mm\/","og_site_name":"Normaplas","article_modified_time":"2023-12-17T23:50:38+00:00","og_image":[{"width":600,"height":600,"url":"https:\/\/normaplas.com\/wp-content\/uploads\/2023\/08\/40x25.png","type":"image\/png"}],"twitter_card":"summary_large_image","twitter_site":"@normaplas","twitter_misc":{"Est. reading time":"1 minute"},"schema":{"@context":"https:\/\/schema.org","@graph":[{"@type":"WebPage","@id":"https:\/\/normaplas.com\/producto\/canaleta-40x25-mm\/","url":"https:\/\/normaplas.com\/producto\/canaleta-40x25-mm\/","name":"Canaleta 40x25 mm - 2.0m Largo - Normaplas","isPartOf":{"@id":"https:\/\/normaplas.com\/#website"},"primaryImageOfPage":{"@id":"https:\/\/normaplas.com\/producto\/canaleta-40x25-mm\/#primaryimage"},"image":{"@id":"https:\/\/normaplas.com\/producto\/canaleta-40x25-mm\/#primaryimage"},"thumbnailUrl":"https:\/\/normaplas.com\/wp-content\/uploads\/2023\/08\/40x25.png","datePublished":"2023-08-29T02:48:59+00:00","dateModified":"2023-12-17T23:50:38+00:00","breadcrumb":{"@id":"https:\/\/normaplas.com\/producto\/canaleta-40x25-mm\/#breadcrumb"},"inLanguage":"en-US","potentialAction":[{"@type":"ReadAction","target":["https:\/\/normaplas.com\/producto\/canaleta-40x25-mm\/"]}]},{"@type":"ImageObject","inLanguage":"en-US","@id":"https:\/\/normaplas.com\/producto\/canaleta-40x25-mm\/#primaryimage","url":"https:\/\/normaplas.com\/wp-content\/uploads\/2023\/08\/40x25.png","contentUrl":"https:\/\/normaplas.com\/wp-content\/uploads\/2023\/08\/40x25.png","width":600,"height":600},{"@type":"BreadcrumbList","@id":"https:\/\/normaplas.com\/producto\/canaleta-40x25-mm\/#breadcrumb","itemListElement":[{"@type":"ListItem","position":1,"name":"Portada","item":"https:\/\/normaplas.com\/"},{"@type":"ListItem","position":2,"name":"Productos","item":"https:\/\/normaplas.com\/shop\/"},{"@type":"ListItem","position":3,"name":"Canaleta 40&#215;25 mm &#8211; 2.0m Largo"}]},{"@type":"WebSite","@id":"https:\/\/normaplas.com\/#website","url":"https:\/\/normaplas.com\/","name":"Normaplas","description":"","publisher":{"@id":"https:\/\/normaplas.com\/#organization"},"potentialAction":[{"@type":"SearchAction","target":{"@type":"EntryPoint","urlTemplate":"https:\/\/normaplas.com\/?s={search_term_string}"},"query-input":{"@type":"PropertyValueSpecification","valueRequired":true,"valueName":"search_term_string"}}],"inLanguage":"en-US"},{"@type":"Organization","@id":"https:\/\/normaplas.com\/#organization","name":"Normaplas","url":"https:\/\/normaplas.com\/","logo":{"@type":"ImageObject","inLanguage":"en-US","@id":"https:\/\/normaplas.com\/#\/schema\/logo\/image\/","url":"https:\/\/normaplas.com\/wp-content\/uploads\/2021\/09\/1-LOGO-NORMAPLAS-horizontal-STROKE-1-Y-0.5-y-logosimbolo-2pt.png","contentUrl":"https:\/\/normaplas.com\/wp-content\/uploads\/2021\/09\/1-LOGO-NORMAPLAS-horizontal-STROKE-1-Y-0.5-y-logosimbolo-2pt.png","width":3229,"height":785,"caption":"Normaplas"},"image":{"@id":"https:\/\/normaplas.com\/#\/schema\/logo\/image\/"},"sameAs":["https:\/\/x.com\/normaplas","https:\/\/www.instagram.com\/normaplasoficial\/"]}]}},"_links":{"self":[{"href":"https:\/\/normaplas.com\/en\/wp-json\/wp\/v2\/product\/5285","targetHints":{"allow":["GET"]}}],"collection":[{"href":"https:\/\/normaplas.com\/en\/wp-json\/wp\/v2\/product"}],"about":[{"href":"https:\/\/normaplas.com\/en\/wp-json\/wp\/v2\/types\/product"}],"version-history":[{"count":4,"href":"https:\/\/normaplas.com\/en\/wp-json\/wp\/v2\/product\/5285\/revisions"}],"predecessor-version":[{"id":6266,"href":"https:\/\/normaplas.com\/en\/wp-json\/wp\/v2\/product\/5285\/revisions\/6266"}],"wp:featuredmedia":[{"embeddable":true,"href":"https:\/\/normaplas.com\/en\/wp-json\/wp\/v2\/media\/5286"}],"wp:attachment":[{"href":"https:\/\/normaplas.com\/en\/wp-json\/wp\/v2\/media?parent=5285"}],"wp:term":[{"taxonomy":"product_cat","embeddable":true,"href":"https:\/\/normaplas.com\/en\/wp-json\/wp\/v2\/product_cat?post=5285"},{"taxonomy":"product_tag","embeddable":true,"href":"https:\/\/normaplas.com\/en\/wp-json\/wp\/v2\/product_tag?post=5285"}],"curies":[{"name":"wp","href":"https:\/\/api.w.org\/{rel}","templated":true}]}}