{"id":5293,"date":"2023-08-30T00:41:18","date_gmt":"2023-08-30T00:41:18","guid":{"rendered":"https:\/\/normaplas.com\/?post_type=product&#038;p=5293"},"modified":"2023-12-17T23:43:44","modified_gmt":"2023-12-17T23:43:44","slug":"cintas-espumas-doble-faz","status":"publish","type":"product","link":"https:\/\/normaplas.com\/en\/product\/cintas-espumas-doble-faz\/","title":{"rendered":"Cinta Adhesiva Doble Faz 12 y 18mm"},"content":{"rendered":"<p><strong>Cinta espuma doble faz <\/strong><br \/>\nRollos 18 y 12 mm por 5m<\/p>\n<p>Espuma de polietileno<br \/>\nTipo Adhesivo: Acr\u00edlico modificado, adherencia agresiva.<\/p>\n<p>Resistente al agua y buen sellado<br \/>\nAmortiguaci\u00f3n<br \/>\nAbsorci\u00f3n de sonido<br \/>\nResistente a la intemperie<br \/>\nImpermeabilidad<\/p>\n<p>APLICACIONES<br \/>\nPiezas interiores de autom\u00f3viles<br \/>\nMoldura de puertas<br \/>\nLetreros y se\u00f1alizaci\u00f3n pl\u00e1stica<br \/>\nRevestimientos<br \/>\nPiezas de metal<br \/>\nUni\u00f3n de vidrio<br \/>\nConstrucci\u00f3n de ventanas y puertas<br \/>\nMateriales y fijar piezas electr\u00f3nicas<\/p>","protected":false},"excerpt":{"rendered":"<p><img fetchpriority=\"high\" decoding=\"async\" class=\"alignnone wp-image-6247 size-large\" src=\"https:\/\/normaplas.com\/wp-content\/uploads\/2023\/08\/cinta-conecta-plano-fijo-840x562.png\" alt=\"\" width=\"840\" height=\"562\" srcset=\"https:\/\/normaplas.com\/wp-content\/uploads\/2023\/08\/cinta-conecta-plano-fijo-840x562.png 840w, https:\/\/normaplas.com\/wp-content\/uploads\/2023\/08\/cinta-conecta-plano-fijo-770x514.png 770w\" sizes=\"(max-width: 840px) 100vw, 840px\" \/><\/p>","protected":false},"featured_media":5714,"template":"","meta":{"_joinchat":[]},"product_cat":[52,19],"product_tag":[106,112,110,108,109,111,107],"class_list":{"0":"post-5293","1":"product","2":"type-product","3":"status-publish","4":"has-post-thumbnail","6":"product_cat-cinta-adhesiva-doble-faz-conecta","7":"product_cat-linea-electrica","8":"product_tag-cinta-adhesiva-industrial","9":"product_tag-cinta-autoadhesiva-doble-faz","10":"product_tag-cinta-de-doble-cara","11":"product_tag-cinta-doble-faz-12mm","12":"product_tag-cinta-doble-faz-18mm","13":"product_tag-cinta-doble-faz-espuma","14":"product_tag-doble-faz-espuma","15":"cms-has-post-thumbnail","17":"first","18":"instock","19":"shipping-taxable","20":"product-type-simple"},"yoast_head":"<!-- This site is optimized with the Yoast SEO plugin v24.0 - https:\/\/yoast.com\/wordpress\/plugins\/seo\/ -->\n<title>Cinta Adhesiva Doble Faz 12 y 18mm - Normaplas<\/title>\n<meta name=\"robots\" content=\"index, follow, max-snippet:-1, max-image-preview:large, max-video-preview:-1\" \/>\n<link rel=\"canonical\" href=\"https:\/\/normaplas.com\/en\/product\/cintas-espumas-doble-faz\/\" \/>\n<meta property=\"og:locale\" content=\"en_US\" \/>\n<meta property=\"og:type\" content=\"article\" \/>\n<meta property=\"og:title\" content=\"Cinta Adhesiva Doble Faz 12 y 18mm - Normaplas\" \/>\n<meta property=\"og:url\" content=\"https:\/\/normaplas.com\/en\/product\/cintas-espumas-doble-faz\/\" \/>\n<meta property=\"og:site_name\" content=\"Normaplas\" \/>\n<meta property=\"article:modified_time\" content=\"2023-12-17T23:43:44+00:00\" \/>\n<meta property=\"og:image\" content=\"https:\/\/normaplas.com\/wp-content\/uploads\/2023\/08\/cinta-doble-faz-conecta-18mm-x5m-conecta-normaplas-web-840x562.png\" \/>\n\t<meta property=\"og:image:width\" content=\"840\" \/>\n\t<meta property=\"og:image:height\" content=\"562\" \/>\n\t<meta property=\"og:image:type\" content=\"image\/png\" \/>\n<meta name=\"twitter:card\" content=\"summary_large_image\" \/>\n<meta name=\"twitter:site\" content=\"@normaplas\" \/>\n<meta name=\"twitter:label1\" content=\"Est. reading time\" \/>\n\t<meta name=\"twitter:data1\" content=\"1 minute\" \/>\n<script type=\"application\/ld+json\" class=\"yoast-schema-graph\">{\"@context\":\"https:\/\/schema.org\",\"@graph\":[{\"@type\":\"WebPage\",\"@id\":\"https:\/\/normaplas.com\/producto\/cintas-espumas-doble-faz\/\",\"url\":\"https:\/\/normaplas.com\/producto\/cintas-espumas-doble-faz\/\",\"name\":\"Cinta Adhesiva Doble Faz 12 y 18mm - Normaplas\",\"isPartOf\":{\"@id\":\"https:\/\/normaplas.com\/#website\"},\"primaryImageOfPage\":{\"@id\":\"https:\/\/normaplas.com\/producto\/cintas-espumas-doble-faz\/#primaryimage\"},\"image\":{\"@id\":\"https:\/\/normaplas.com\/producto\/cintas-espumas-doble-faz\/#primaryimage\"},\"thumbnailUrl\":\"https:\/\/normaplas.com\/wp-content\/uploads\/2023\/08\/cinta-doble-faz-conecta-18mm-x5m-conecta-normaplas-web.png\",\"datePublished\":\"2023-08-30T00:41:18+00:00\",\"dateModified\":\"2023-12-17T23:43:44+00:00\",\"breadcrumb\":{\"@id\":\"https:\/\/normaplas.com\/producto\/cintas-espumas-doble-faz\/#breadcrumb\"},\"inLanguage\":\"en-US\",\"potentialAction\":[{\"@type\":\"ReadAction\",\"target\":[\"https:\/\/normaplas.com\/producto\/cintas-espumas-doble-faz\/\"]}]},{\"@type\":\"ImageObject\",\"inLanguage\":\"en-US\",\"@id\":\"https:\/\/normaplas.com\/producto\/cintas-espumas-doble-faz\/#primaryimage\",\"url\":\"https:\/\/normaplas.com\/wp-content\/uploads\/2023\/08\/cinta-doble-faz-conecta-18mm-x5m-conecta-normaplas-web.png\",\"contentUrl\":\"https:\/\/normaplas.com\/wp-content\/uploads\/2023\/08\/cinta-doble-faz-conecta-18mm-x5m-conecta-normaplas-web.png\",\"width\":5000,\"height\":5000},{\"@type\":\"BreadcrumbList\",\"@id\":\"https:\/\/normaplas.com\/producto\/cintas-espumas-doble-faz\/#breadcrumb\",\"itemListElement\":[{\"@type\":\"ListItem\",\"position\":1,\"name\":\"Portada\",\"item\":\"https:\/\/normaplas.com\/\"},{\"@type\":\"ListItem\",\"position\":2,\"name\":\"Productos\",\"item\":\"https:\/\/normaplas.com\/shop\/\"},{\"@type\":\"ListItem\",\"position\":3,\"name\":\"Cinta Adhesiva Doble Faz 12 y 18mm\"}]},{\"@type\":\"WebSite\",\"@id\":\"https:\/\/normaplas.com\/#website\",\"url\":\"https:\/\/normaplas.com\/\",\"name\":\"Normaplas\",\"description\":\"\",\"publisher\":{\"@id\":\"https:\/\/normaplas.com\/#organization\"},\"potentialAction\":[{\"@type\":\"SearchAction\",\"target\":{\"@type\":\"EntryPoint\",\"urlTemplate\":\"https:\/\/normaplas.com\/?s={search_term_string}\"},\"query-input\":{\"@type\":\"PropertyValueSpecification\",\"valueRequired\":true,\"valueName\":\"search_term_string\"}}],\"inLanguage\":\"en-US\"},{\"@type\":\"Organization\",\"@id\":\"https:\/\/normaplas.com\/#organization\",\"name\":\"Normaplas\",\"url\":\"https:\/\/normaplas.com\/\",\"logo\":{\"@type\":\"ImageObject\",\"inLanguage\":\"en-US\",\"@id\":\"https:\/\/normaplas.com\/#\/schema\/logo\/image\/\",\"url\":\"https:\/\/normaplas.com\/wp-content\/uploads\/2021\/09\/1-LOGO-NORMAPLAS-horizontal-STROKE-1-Y-0.5-y-logosimbolo-2pt.png\",\"contentUrl\":\"https:\/\/normaplas.com\/wp-content\/uploads\/2021\/09\/1-LOGO-NORMAPLAS-horizontal-STROKE-1-Y-0.5-y-logosimbolo-2pt.png\",\"width\":3229,\"height\":785,\"caption\":\"Normaplas\"},\"image\":{\"@id\":\"https:\/\/normaplas.com\/#\/schema\/logo\/image\/\"},\"sameAs\":[\"https:\/\/x.com\/normaplas\",\"https:\/\/www.instagram.com\/normaplasoficial\/\"]}]}<\/script>\n<!-- \/ Yoast SEO plugin. -->","yoast_head_json":{"title":"Cinta Adhesiva Doble Faz 12 y 18mm - Normaplas","robots":{"index":"index","follow":"follow","max-snippet":"max-snippet:-1","max-image-preview":"max-image-preview:large","max-video-preview":"max-video-preview:-1"},"canonical":"https:\/\/normaplas.com\/en\/product\/cintas-espumas-doble-faz\/","og_locale":"en_US","og_type":"article","og_title":"Cinta Adhesiva Doble Faz 12 y 18mm - Normaplas","og_url":"https:\/\/normaplas.com\/en\/product\/cintas-espumas-doble-faz\/","og_site_name":"Normaplas","article_modified_time":"2023-12-17T23:43:44+00:00","og_image":[{"width":840,"height":562,"url":"https:\/\/normaplas.com\/wp-content\/uploads\/2023\/08\/cinta-doble-faz-conecta-18mm-x5m-conecta-normaplas-web-840x562.png","type":"image\/png"}],"twitter_card":"summary_large_image","twitter_site":"@normaplas","twitter_misc":{"Est. reading time":"1 minute"},"schema":{"@context":"https:\/\/schema.org","@graph":[{"@type":"WebPage","@id":"https:\/\/normaplas.com\/producto\/cintas-espumas-doble-faz\/","url":"https:\/\/normaplas.com\/producto\/cintas-espumas-doble-faz\/","name":"Cinta Adhesiva Doble Faz 12 y 18mm - Normaplas","isPartOf":{"@id":"https:\/\/normaplas.com\/#website"},"primaryImageOfPage":{"@id":"https:\/\/normaplas.com\/producto\/cintas-espumas-doble-faz\/#primaryimage"},"image":{"@id":"https:\/\/normaplas.com\/producto\/cintas-espumas-doble-faz\/#primaryimage"},"thumbnailUrl":"https:\/\/normaplas.com\/wp-content\/uploads\/2023\/08\/cinta-doble-faz-conecta-18mm-x5m-conecta-normaplas-web.png","datePublished":"2023-08-30T00:41:18+00:00","dateModified":"2023-12-17T23:43:44+00:00","breadcrumb":{"@id":"https:\/\/normaplas.com\/producto\/cintas-espumas-doble-faz\/#breadcrumb"},"inLanguage":"en-US","potentialAction":[{"@type":"ReadAction","target":["https:\/\/normaplas.com\/producto\/cintas-espumas-doble-faz\/"]}]},{"@type":"ImageObject","inLanguage":"en-US","@id":"https:\/\/normaplas.com\/producto\/cintas-espumas-doble-faz\/#primaryimage","url":"https:\/\/normaplas.com\/wp-content\/uploads\/2023\/08\/cinta-doble-faz-conecta-18mm-x5m-conecta-normaplas-web.png","contentUrl":"https:\/\/normaplas.com\/wp-content\/uploads\/2023\/08\/cinta-doble-faz-conecta-18mm-x5m-conecta-normaplas-web.png","width":5000,"height":5000},{"@type":"BreadcrumbList","@id":"https:\/\/normaplas.com\/producto\/cintas-espumas-doble-faz\/#breadcrumb","itemListElement":[{"@type":"ListItem","position":1,"name":"Portada","item":"https:\/\/normaplas.com\/"},{"@type":"ListItem","position":2,"name":"Productos","item":"https:\/\/normaplas.com\/shop\/"},{"@type":"ListItem","position":3,"name":"Cinta Adhesiva Doble Faz 12 y 18mm"}]},{"@type":"WebSite","@id":"https:\/\/normaplas.com\/#website","url":"https:\/\/normaplas.com\/","name":"Normaplas","description":"","publisher":{"@id":"https:\/\/normaplas.com\/#organization"},"potentialAction":[{"@type":"SearchAction","target":{"@type":"EntryPoint","urlTemplate":"https:\/\/normaplas.com\/?s={search_term_string}"},"query-input":{"@type":"PropertyValueSpecification","valueRequired":true,"valueName":"search_term_string"}}],"inLanguage":"en-US"},{"@type":"Organization","@id":"https:\/\/normaplas.com\/#organization","name":"Normaplas","url":"https:\/\/normaplas.com\/","logo":{"@type":"ImageObject","inLanguage":"en-US","@id":"https:\/\/normaplas.com\/#\/schema\/logo\/image\/","url":"https:\/\/normaplas.com\/wp-content\/uploads\/2021\/09\/1-LOGO-NORMAPLAS-horizontal-STROKE-1-Y-0.5-y-logosimbolo-2pt.png","contentUrl":"https:\/\/normaplas.com\/wp-content\/uploads\/2021\/09\/1-LOGO-NORMAPLAS-horizontal-STROKE-1-Y-0.5-y-logosimbolo-2pt.png","width":3229,"height":785,"caption":"Normaplas"},"image":{"@id":"https:\/\/normaplas.com\/#\/schema\/logo\/image\/"},"sameAs":["https:\/\/x.com\/normaplas","https:\/\/www.instagram.com\/normaplasoficial\/"]}]}},"_links":{"self":[{"href":"https:\/\/normaplas.com\/en\/wp-json\/wp\/v2\/product\/5293","targetHints":{"allow":["GET"]}}],"collection":[{"href":"https:\/\/normaplas.com\/en\/wp-json\/wp\/v2\/product"}],"about":[{"href":"https:\/\/normaplas.com\/en\/wp-json\/wp\/v2\/types\/product"}],"version-history":[{"count":3,"href":"https:\/\/normaplas.com\/en\/wp-json\/wp\/v2\/product\/5293\/revisions"}],"predecessor-version":[{"id":6248,"href":"https:\/\/normaplas.com\/en\/wp-json\/wp\/v2\/product\/5293\/revisions\/6248"}],"wp:featuredmedia":[{"embeddable":true,"href":"https:\/\/normaplas.com\/en\/wp-json\/wp\/v2\/media\/5714"}],"wp:attachment":[{"href":"https:\/\/normaplas.com\/en\/wp-json\/wp\/v2\/media?parent=5293"}],"wp:term":[{"taxonomy":"product_cat","embeddable":true,"href":"https:\/\/normaplas.com\/en\/wp-json\/wp\/v2\/product_cat?post=5293"},{"taxonomy":"product_tag","embeddable":true,"href":"https:\/\/normaplas.com\/en\/wp-json\/wp\/v2\/product_tag?post=5293"}],"curies":[{"name":"wp","href":"https:\/\/api.w.org\/{rel}","templated":true}]}}