{"id":5308,"date":"2023-08-30T01:08:14","date_gmt":"2023-08-30T01:08:14","guid":{"rendered":"https:\/\/normaplas.com\/?post_type=product&#038;p=5308"},"modified":"2023-12-20T23:29:27","modified_gmt":"2023-12-20T23:29:27","slug":"esquineras-pvc","status":"publish","type":"product","link":"https:\/\/normaplas.com\/en\/product\/esquineras-pvc\/","title":{"rendered":"Esquinera PVC Adhesiva"},"content":{"rendered":"<div data-elementor-type=\"wp-post\" data-elementor-id=\"5308\" class=\"elementor elementor-5308\" data-elementor-post-type=\"product\">\n\t\t\t\t\t\t<section class=\"elementor-section elementor-top-section elementor-element elementor-element-6412bc4f elementor-section-boxed elementor-section-height-default elementor-section-height-default cms-section-no-padding-no cms-boxed-bg-false cms-section-boxed-divider-false cms-remove-row-no\" data-id=\"6412bc4f\" data-element_type=\"section\">\r\n\t\t\t<div class=\"cms-overlay-gradient\"><\/div><div class=\"cms-section-boxed-bg\"><\/div><div class=\"cms-section-boxed-divider\"><\/div><div class=\"cms-elementor-section-remove\"><\/div>\t\t\t<div class=\"elementor-container elementor-column-gap-default\" >\r\n\t\t\t        <div class=\"elementor-column elementor-col-100 elementor-top-column elementor-element elementor-element-d632c58\" data-id=\"d632c58\" data-element_type=\"column\">\r\n            <div class=\"elementor-widget-wrap elementor-element-populated\">\r\n                \t\t<div class=\"elementor-element elementor-element-5130db27 elementor-widget elementor-widget-text-editor\" data-id=\"5130db27\" data-element_type=\"widget\" data-widget_type=\"text-editor.default\">\n\t\t\t\t<div class=\"elementor-widget-container\">\n\t\t\t\t\t\t\t\t\t<p style=\"text-align: justify;\">Fabricadas en pl\u00e1stico <strong>100% P.V.C.<\/strong> r\u00edgido que tiene facilidad de adaptaci\u00f3n a lo largo de las esquinas de la pared donde se instala.<\/p><p style=\"text-align: justify;\"><strong>Caracter\u00edsticas:\u00a0<\/strong><\/p><p style=\"text-align: justify;\">Esquinero blanco fabricado en PVC r\u00edgido con adhesivo industrial en su interior que se fija firmemente a la pared. Este producto resiste el uso frecuente y evita el desgaste de las esquinas de las paredes, protegi\u00e9ndolas en \u00f3ptimas condiciones.<\/p><p style=\"text-align: justify;\">Adem\u00e1s, es importante destacar que es posible realizar cortes seguros y precisos sin que se produzcan astillas.<\/p><p style=\"text-align: justify;\"><strong>Almacenamiento<\/strong>:<\/p><p style=\"text-align: justify;\">Se recomienda almacenar y transportar este producto: de forma horizontal, sobre una superficie totalmente plana, en la sombra,<strong> a <\/strong><strong>temperatura ambiente <\/strong>en un\u00a0<strong>lugar seco y <\/strong><strong>fresco<\/strong>.<\/p><p style=\"text-align: justify;\">No exponer el producto a la intemperie o a temperaturas intensas y constantes.<\/p><p style=\"text-align: justify;\"><strong>Pol\u00edtica de garant\u00eda <\/strong><\/p><p style=\"text-align: justify;\">Cubre solo defectos de f\u00e1brica y no cubre da\u00f1os causados por una mala manipulaci\u00f3n o instalaci\u00f3n del producto. Ver forma de empleo y precauciones en el empaque.<\/p>\t\t\t\t\t\t\t\t<\/div>\n\t\t\t\t<\/div>\n\t\t            <\/div>\r\n        <\/div>\r\n        \t\t\t<\/div>\r\n\t\t<\/section>\r\n\t\t\t\t<section class=\"elementor-section elementor-top-section elementor-element elementor-element-5c0ac99 elementor-section-boxed elementor-section-height-default elementor-section-height-default cms-section-no-padding-no cms-boxed-bg-false cms-section-boxed-divider-false cms-remove-row-no\" data-id=\"5c0ac99\" data-element_type=\"section\">\r\n\t\t\t<div class=\"cms-overlay-gradient\"><\/div><div class=\"cms-section-boxed-bg\"><\/div><div class=\"cms-section-boxed-divider\"><\/div><div class=\"cms-elementor-section-remove\"><\/div>\t\t\t<div class=\"elementor-container elementor-column-gap-default\" >\r\n\t\t\t        <div class=\"elementor-column elementor-col-100 elementor-top-column elementor-element elementor-element-ab4d7e0\" data-id=\"ab4d7e0\" data-element_type=\"column\">\r\n            <div class=\"elementor-widget-wrap elementor-element-populated\">\r\n                \t\t<div class=\"elementor-element elementor-element-9c80ceb cms-tabs cms-tabs-layout-1 cms-tabs-view-horizontal elementor-widget elementor-widget-cms_tabs\" data-id=\"9c80ceb\" data-element_type=\"widget\" data-widget_type=\"cms_tabs.default\">\n\t\t\t\t<div class=\"elementor-widget-container\">\n\t\t\t\t\t<div class=\"cms-tabs-wrap bg-white cms-shadow-1\">\r\n    <div class=\"cms-tabs-title-wrap elementor-hidden-tablet elementor-hidden-phone\">\r\n        <div class=\"cms-tabs-title cms-tabs-title-desktop row-cols-4 row-cols-lg-3\">\r\n                            <div class=\"cms-tab-title cms-transition active\" data-target=\"#cms-tab-content-8d47060\"><div class=\"cms-tab-title-text text-15 font-700\"><span class=\"cms-tab-title-count\">1<\/span>Despega<\/div><\/div>\r\n                            <div class=\"cms-tab-title cms-transition\" data-target=\"#cms-tab-content-b30f7b4\"><div class=\"cms-tab-title-text text-15 font-700\"><span class=\"cms-tab-title-count\">2<\/span>Instala<\/div><\/div>\r\n                            <div class=\"cms-tab-title cms-transition\" data-target=\"#cms-tab-content-3de413e\"><div class=\"cms-tab-title-text text-15 font-700\"><span class=\"cms-tab-title-count\">3<\/span>y listo!<\/div><\/div>\r\n                    <\/div>\r\n    <\/div>\r\n    <div class=\"cms-tabs-content\">\r\n                    <div class=\"cms-tabs-title cms-tabs-title-mobile elementor-hidden-desktop\">\r\n                <div class=\"cms-tab-title cms-transition active\" data-target=\"#cms-tab-content-8d47060\"><div class=\"cms-tab-title-text text-15 font-700\"><span class=\"cms-tab-title-count\">1<\/span>Despega<\/div><\/div>\r\n            <\/div>\r\n            <div class=\"cms-tab-content cms-transition p-20 p-lg-90 active\" id=\"cms-tab-content-8d47060\" style=\"display:block;\">\r\n                <div class=\"row gutters-xl-100 gutters-grid\">\r\n                    <div class=\"col-auto col-md-6\">\r\n                        <img fetchpriority=\"high\" class=\"cms-radius-4 cms-lazy lazy-loading cms-img\" data-src=\"https:\/\/normaplas.com\/wp-content\/uploads\/2023\/11\/paso-1-despega-500x375.jpg\" width=\"500\" height=\"375\" alt=\"paso 1 despega\" title=\"paso 1 despega\" \/>                    <\/div>\r\n                    <div class=\"col order-md-first\">\r\n                        <h3 class=\"cms-tab-content-heading cms-heading text-18 text-lg-24 mt-n5 pb-35\"><\/h3>\r\n                        <div class=\"content-text text-17 pb-30\"><p><span style=\"font-weight: 400;\">Antes de la instalaci\u00f3n, es importante verificar que la esquina de la pared donde se va a colocar el objeto est\u00e9 libre de polvo y part\u00edculas.<\/span><\/p><p><span style=\"color: #0057a4;\"><span style=\"font-weight: 400;\"><strong>Retira el liner protector de ambas caras internas de la <span style=\"color: #ff8700;\">Esquinera de PVC <\/span><\/strong><\/span><b>Normaplas\u00ae<\/b><\/span><\/p><\/div>\r\n                                <div class=\"cms-btn-wraps  text-\" >\r\n                <a href=\"https:\/\/youtu.be\/hGKcaQZyvmo?si=R9hoXzRUyk4VoFeh\" class=\"btn btn-outline btn-primary btn-xl\">\r\n                <span class=\"cms-btn-content cms-btn-content-\">\r\n                                                                            <span aria-hidden=\"true\" class=\"cms-icon cms-btn-icon cms-align-icon-right icon-outline-no rtl-flip fab fa-youtube\" style=\"\"><\/span>                                                <span class=\"cms-btn-text\">ver video<\/span>\r\n                                    <\/span>\r\n            <\/a>\r\n                <\/div>\r\n                        <\/div>\r\n                <\/div>\r\n            <\/div>\r\n                    <div class=\"cms-tabs-title cms-tabs-title-mobile elementor-hidden-desktop\">\r\n                <div class=\"cms-tab-title cms-transition\" data-target=\"#cms-tab-content-b30f7b4\"><div class=\"cms-tab-title-text text-15 font-700\"><span class=\"cms-tab-title-count\">2<\/span>Instala<\/div><\/div>\r\n            <\/div>\r\n            <div class=\"cms-tab-content cms-transition p-20 p-lg-90\" id=\"cms-tab-content-b30f7b4\" style=\"display:none;\">\r\n                <div class=\"row gutters-xl-100 gutters-grid\">\r\n                    <div class=\"col-auto col-md-6\">\r\n                        <img class=\"cms-radius-4 cms-lazy lazy-loading cms-img\" data-src=\"https:\/\/normaplas.com\/wp-content\/uploads\/2023\/11\/paso-2-instala-500x375.png\" width=\"500\" height=\"375\" alt=\"paso 2 instala\" title=\"paso 2 instala\" \/>                    <\/div>\r\n                    <div class=\"col order-md-first\">\r\n                        <h3 class=\"cms-tab-content-heading cms-heading text-18 text-lg-24 mt-n5 pb-35\"><\/h3>\r\n                        <div class=\"content-text text-17 pb-30\"><p><strong><span style=\"color: #0057a4;\">Acomoda la\u00a0 Esquinera de PVC Normaplas\u00ae sobre la superficie de la pared presionando firmemente\u00a0 a lo largo, para su fijaci\u00f3n. <\/span><\/strong><\/p><\/div>\r\n                                <div class=\"cms-btn-wraps  text-\" >\r\n                <a href=\"https:\/\/youtu.be\/hGKcaQZyvmo?si=R9hoXzRUyk4VoFeh\" class=\"btn btn-outline btn-primary btn-xl\">\r\n                <span class=\"cms-btn-content cms-btn-content-\">\r\n                                                                            <span aria-hidden=\"true\" class=\"cms-icon cms-btn-icon cms-align-icon-right icon-outline-no rtl-flip fab fa-youtube\" style=\"\"><\/span>                                                <span class=\"cms-btn-text\">Ver video<\/span>\r\n                                    <\/span>\r\n            <\/a>\r\n                <\/div>\r\n                        <\/div>\r\n                <\/div>\r\n            <\/div>\r\n                    <div class=\"cms-tabs-title cms-tabs-title-mobile elementor-hidden-desktop\">\r\n                <div class=\"cms-tab-title cms-transition\" data-target=\"#cms-tab-content-3de413e\"><div class=\"cms-tab-title-text text-15 font-700\"><span class=\"cms-tab-title-count\">3<\/span>y listo!<\/div><\/div>\r\n            <\/div>\r\n            <div class=\"cms-tab-content cms-transition p-20 p-lg-90\" id=\"cms-tab-content-3de413e\" style=\"display:none;\">\r\n                <div class=\"row gutters-xl-100 gutters-grid\">\r\n                    <div class=\"col-auto col-md-6\">\r\n                        <img class=\"cms-radius-4 cms-lazy lazy-loading cms-img\" data-src=\"https:\/\/normaplas.com\/wp-content\/uploads\/2023\/11\/paso-3-y-listo-500x375.png\" width=\"500\" height=\"375\" alt=\"paso 3 y listo\" title=\"paso 3 y listo\" \/>                    <\/div>\r\n                    <div class=\"col order-md-first\">\r\n                        <h3 class=\"cms-tab-content-heading cms-heading text-18 text-lg-24 mt-n5 pb-35\"><\/h3>\r\n                        <div class=\"content-text text-17 pb-30\"><p><strong><span style=\"color: #ff8700;\">Listo!<\/span><\/strong><\/p><p><span style=\"font-weight: 400;\">Ahora tus esquinas de pared est\u00e1n <strong><span style=\"color: #ff8700;\">protegidas!<\/span><\/strong><\/span><\/p><\/div>\r\n                                <div class=\"cms-btn-wraps  text-\" >\r\n                <a href=\"https:\/\/youtu.be\/hGKcaQZyvmo?si=R9hoXzRUyk4VoFeh\" class=\"btn btn-outline btn-primary btn-hover-accent btn-xl\">\r\n                <span class=\"cms-btn-content cms-btn-content-\">\r\n                                                                            <span aria-hidden=\"true\" class=\"cms-icon cms-btn-icon cms-align-icon-right icon-outline-no rtl-flip fab fa-youtube\" style=\"\"><\/span>                                                <span class=\"cms-btn-text\">ver video<\/span>\r\n                                    <\/span>\r\n            <\/a>\r\n                <\/div>\r\n                        <\/div>\r\n                <\/div>\r\n            <\/div>\r\n            <\/div>\r\n<\/div>  \t\t\t\t<\/div>\n\t\t\t\t<\/div>\n\t\t            <\/div>\r\n        <\/div>\r\n        \t\t\t<\/div>\r\n\t\t<\/section>\r\n\t\t\t\t<\/div>","protected":false},"excerpt":{"rendered":"<p><img loading=\"lazy\" decoding=\"async\" class=\"alignnone wp-image-6267 size-large\" src=\"https:\/\/normaplas.com\/wp-content\/uploads\/2023\/08\/esquinera-pvc-adhesiva-plano-fijo-840x562.png\" alt=\"\" width=\"840\" height=\"562\" srcset=\"https:\/\/normaplas.com\/wp-content\/uploads\/2023\/08\/esquinera-pvc-adhesiva-plano-fijo-840x562.png 840w, https:\/\/normaplas.com\/wp-content\/uploads\/2023\/08\/esquinera-pvc-adhesiva-plano-fijo-770x514.png 770w\" sizes=\"(max-width: 840px) 100vw, 840px\" \/><\/p>","protected":false},"featured_media":5824,"template":"","meta":{"_joinchat":[]},"product_cat":[36],"product_tag":[129,128,125,127,126],"class_list":{"0":"post-5308","1":"product","2":"type-product","3":"status-publish","4":"has-post-thumbnail","6":"product_cat-linea-acabados","7":"product_tag-angulo-esquinero","8":"product_tag-angulos-de-pvc","9":"product_tag-esquinera-adhesiva","10":"product_tag-esquinera-pvc-blanca","11":"product_tag-esquineras-autoadhesivas","12":"cms-has-post-thumbnail","14":"first","15":"instock","16":"shipping-taxable","17":"product-type-external"},"yoast_head":"<!-- This site is optimized with the Yoast SEO plugin v24.0 - https:\/\/yoast.com\/wordpress\/plugins\/seo\/ -->\n<title>Esquinera PVC Adhesiva - Normaplas<\/title>\n<meta name=\"robots\" content=\"index, follow, max-snippet:-1, max-image-preview:large, max-video-preview:-1\" \/>\n<link rel=\"canonical\" href=\"https:\/\/normaplas.com\/en\/product\/esquineras-pvc\/\" \/>\n<meta property=\"og:locale\" content=\"en_US\" \/>\n<meta property=\"og:type\" content=\"article\" \/>\n<meta property=\"og:title\" content=\"Esquinera PVC Adhesiva - Normaplas\" \/>\n<meta property=\"og:url\" content=\"https:\/\/normaplas.com\/en\/product\/esquineras-pvc\/\" \/>\n<meta property=\"og:site_name\" content=\"Normaplas\" \/>\n<meta property=\"article:modified_time\" content=\"2023-12-20T23:29:27+00:00\" \/>\n<meta property=\"og:image\" content=\"https:\/\/normaplas.com\/wp-content\/uploads\/2023\/08\/1.-ESQUINERA-ADHESIVA-PVC-NORMAPLAS.png\" \/>\n\t<meta property=\"og:image:width\" content=\"600\" \/>\n\t<meta property=\"og:image:height\" content=\"600\" \/>\n\t<meta property=\"og:image:type\" content=\"image\/png\" \/>\n<meta name=\"twitter:card\" content=\"summary_large_image\" \/>\n<meta name=\"twitter:site\" content=\"@normaplas\" \/>\n<meta name=\"twitter:label1\" content=\"Est. reading time\" \/>\n\t<meta name=\"twitter:data1\" content=\"2 minutes\" \/>\n<script type=\"application\/ld+json\" class=\"yoast-schema-graph\">{\"@context\":\"https:\/\/schema.org\",\"@graph\":[{\"@type\":\"WebPage\",\"@id\":\"https:\/\/normaplas.com\/producto\/esquineras-pvc\/\",\"url\":\"https:\/\/normaplas.com\/producto\/esquineras-pvc\/\",\"name\":\"Esquinera PVC Adhesiva - Normaplas\",\"isPartOf\":{\"@id\":\"https:\/\/normaplas.com\/#website\"},\"primaryImageOfPage\":{\"@id\":\"https:\/\/normaplas.com\/producto\/esquineras-pvc\/#primaryimage\"},\"image\":{\"@id\":\"https:\/\/normaplas.com\/producto\/esquineras-pvc\/#primaryimage\"},\"thumbnailUrl\":\"https:\/\/normaplas.com\/wp-content\/uploads\/2023\/08\/1.-ESQUINERA-ADHESIVA-PVC-NORMAPLAS.png\",\"datePublished\":\"2023-08-30T01:08:14+00:00\",\"dateModified\":\"2023-12-20T23:29:27+00:00\",\"breadcrumb\":{\"@id\":\"https:\/\/normaplas.com\/producto\/esquineras-pvc\/#breadcrumb\"},\"inLanguage\":\"en-US\",\"potentialAction\":[{\"@type\":\"ReadAction\",\"target\":[\"https:\/\/normaplas.com\/producto\/esquineras-pvc\/\"]}]},{\"@type\":\"ImageObject\",\"inLanguage\":\"en-US\",\"@id\":\"https:\/\/normaplas.com\/producto\/esquineras-pvc\/#primaryimage\",\"url\":\"https:\/\/normaplas.com\/wp-content\/uploads\/2023\/08\/1.-ESQUINERA-ADHESIVA-PVC-NORMAPLAS.png\",\"contentUrl\":\"https:\/\/normaplas.com\/wp-content\/uploads\/2023\/08\/1.-ESQUINERA-ADHESIVA-PVC-NORMAPLAS.png\",\"width\":600,\"height\":600},{\"@type\":\"BreadcrumbList\",\"@id\":\"https:\/\/normaplas.com\/producto\/esquineras-pvc\/#breadcrumb\",\"itemListElement\":[{\"@type\":\"ListItem\",\"position\":1,\"name\":\"Portada\",\"item\":\"https:\/\/normaplas.com\/\"},{\"@type\":\"ListItem\",\"position\":2,\"name\":\"Productos\",\"item\":\"https:\/\/normaplas.com\/shop\/\"},{\"@type\":\"ListItem\",\"position\":3,\"name\":\"Esquinera PVC Adhesiva\"}]},{\"@type\":\"WebSite\",\"@id\":\"https:\/\/normaplas.com\/#website\",\"url\":\"https:\/\/normaplas.com\/\",\"name\":\"Normaplas\",\"description\":\"\",\"publisher\":{\"@id\":\"https:\/\/normaplas.com\/#organization\"},\"potentialAction\":[{\"@type\":\"SearchAction\",\"target\":{\"@type\":\"EntryPoint\",\"urlTemplate\":\"https:\/\/normaplas.com\/?s={search_term_string}\"},\"query-input\":{\"@type\":\"PropertyValueSpecification\",\"valueRequired\":true,\"valueName\":\"search_term_string\"}}],\"inLanguage\":\"en-US\"},{\"@type\":\"Organization\",\"@id\":\"https:\/\/normaplas.com\/#organization\",\"name\":\"Normaplas\",\"url\":\"https:\/\/normaplas.com\/\",\"logo\":{\"@type\":\"ImageObject\",\"inLanguage\":\"en-US\",\"@id\":\"https:\/\/normaplas.com\/#\/schema\/logo\/image\/\",\"url\":\"https:\/\/normaplas.com\/wp-content\/uploads\/2021\/09\/1-LOGO-NORMAPLAS-horizontal-STROKE-1-Y-0.5-y-logosimbolo-2pt.png\",\"contentUrl\":\"https:\/\/normaplas.com\/wp-content\/uploads\/2021\/09\/1-LOGO-NORMAPLAS-horizontal-STROKE-1-Y-0.5-y-logosimbolo-2pt.png\",\"width\":3229,\"height\":785,\"caption\":\"Normaplas\"},\"image\":{\"@id\":\"https:\/\/normaplas.com\/#\/schema\/logo\/image\/\"},\"sameAs\":[\"https:\/\/x.com\/normaplas\",\"https:\/\/www.instagram.com\/normaplasoficial\/\"]}]}<\/script>\n<!-- \/ Yoast SEO plugin. -->","yoast_head_json":{"title":"Esquinera PVC Adhesiva - Normaplas","robots":{"index":"index","follow":"follow","max-snippet":"max-snippet:-1","max-image-preview":"max-image-preview:large","max-video-preview":"max-video-preview:-1"},"canonical":"https:\/\/normaplas.com\/en\/product\/esquineras-pvc\/","og_locale":"en_US","og_type":"article","og_title":"Esquinera PVC Adhesiva - Normaplas","og_url":"https:\/\/normaplas.com\/en\/product\/esquineras-pvc\/","og_site_name":"Normaplas","article_modified_time":"2023-12-20T23:29:27+00:00","og_image":[{"width":600,"height":600,"url":"https:\/\/normaplas.com\/wp-content\/uploads\/2023\/08\/1.-ESQUINERA-ADHESIVA-PVC-NORMAPLAS.png","type":"image\/png"}],"twitter_card":"summary_large_image","twitter_site":"@normaplas","twitter_misc":{"Est. reading time":"2 minutes"},"schema":{"@context":"https:\/\/schema.org","@graph":[{"@type":"WebPage","@id":"https:\/\/normaplas.com\/producto\/esquineras-pvc\/","url":"https:\/\/normaplas.com\/producto\/esquineras-pvc\/","name":"Esquinera PVC Adhesiva - Normaplas","isPartOf":{"@id":"https:\/\/normaplas.com\/#website"},"primaryImageOfPage":{"@id":"https:\/\/normaplas.com\/producto\/esquineras-pvc\/#primaryimage"},"image":{"@id":"https:\/\/normaplas.com\/producto\/esquineras-pvc\/#primaryimage"},"thumbnailUrl":"https:\/\/normaplas.com\/wp-content\/uploads\/2023\/08\/1.-ESQUINERA-ADHESIVA-PVC-NORMAPLAS.png","datePublished":"2023-08-30T01:08:14+00:00","dateModified":"2023-12-20T23:29:27+00:00","breadcrumb":{"@id":"https:\/\/normaplas.com\/producto\/esquineras-pvc\/#breadcrumb"},"inLanguage":"en-US","potentialAction":[{"@type":"ReadAction","target":["https:\/\/normaplas.com\/producto\/esquineras-pvc\/"]}]},{"@type":"ImageObject","inLanguage":"en-US","@id":"https:\/\/normaplas.com\/producto\/esquineras-pvc\/#primaryimage","url":"https:\/\/normaplas.com\/wp-content\/uploads\/2023\/08\/1.-ESQUINERA-ADHESIVA-PVC-NORMAPLAS.png","contentUrl":"https:\/\/normaplas.com\/wp-content\/uploads\/2023\/08\/1.-ESQUINERA-ADHESIVA-PVC-NORMAPLAS.png","width":600,"height":600},{"@type":"BreadcrumbList","@id":"https:\/\/normaplas.com\/producto\/esquineras-pvc\/#breadcrumb","itemListElement":[{"@type":"ListItem","position":1,"name":"Portada","item":"https:\/\/normaplas.com\/"},{"@type":"ListItem","position":2,"name":"Productos","item":"https:\/\/normaplas.com\/shop\/"},{"@type":"ListItem","position":3,"name":"Esquinera PVC Adhesiva"}]},{"@type":"WebSite","@id":"https:\/\/normaplas.com\/#website","url":"https:\/\/normaplas.com\/","name":"Normaplas","description":"","publisher":{"@id":"https:\/\/normaplas.com\/#organization"},"potentialAction":[{"@type":"SearchAction","target":{"@type":"EntryPoint","urlTemplate":"https:\/\/normaplas.com\/?s={search_term_string}"},"query-input":{"@type":"PropertyValueSpecification","valueRequired":true,"valueName":"search_term_string"}}],"inLanguage":"en-US"},{"@type":"Organization","@id":"https:\/\/normaplas.com\/#organization","name":"Normaplas","url":"https:\/\/normaplas.com\/","logo":{"@type":"ImageObject","inLanguage":"en-US","@id":"https:\/\/normaplas.com\/#\/schema\/logo\/image\/","url":"https:\/\/normaplas.com\/wp-content\/uploads\/2021\/09\/1-LOGO-NORMAPLAS-horizontal-STROKE-1-Y-0.5-y-logosimbolo-2pt.png","contentUrl":"https:\/\/normaplas.com\/wp-content\/uploads\/2021\/09\/1-LOGO-NORMAPLAS-horizontal-STROKE-1-Y-0.5-y-logosimbolo-2pt.png","width":3229,"height":785,"caption":"Normaplas"},"image":{"@id":"https:\/\/normaplas.com\/#\/schema\/logo\/image\/"},"sameAs":["https:\/\/x.com\/normaplas","https:\/\/www.instagram.com\/normaplasoficial\/"]}]}},"_links":{"self":[{"href":"https:\/\/normaplas.com\/en\/wp-json\/wp\/v2\/product\/5308","targetHints":{"allow":["GET"]}}],"collection":[{"href":"https:\/\/normaplas.com\/en\/wp-json\/wp\/v2\/product"}],"about":[{"href":"https:\/\/normaplas.com\/en\/wp-json\/wp\/v2\/types\/product"}],"version-history":[{"count":48,"href":"https:\/\/normaplas.com\/en\/wp-json\/wp\/v2\/product\/5308\/revisions"}],"predecessor-version":[{"id":6293,"href":"https:\/\/normaplas.com\/en\/wp-json\/wp\/v2\/product\/5308\/revisions\/6293"}],"wp:featuredmedia":[{"embeddable":true,"href":"https:\/\/normaplas.com\/en\/wp-json\/wp\/v2\/media\/5824"}],"wp:attachment":[{"href":"https:\/\/normaplas.com\/en\/wp-json\/wp\/v2\/media?parent=5308"}],"wp:term":[{"taxonomy":"product_cat","embeddable":true,"href":"https:\/\/normaplas.com\/en\/wp-json\/wp\/v2\/product_cat?post=5308"},{"taxonomy":"product_tag","embeddable":true,"href":"https:\/\/normaplas.com\/en\/wp-json\/wp\/v2\/product_tag?post=5308"}],"curies":[{"name":"wp","href":"https:\/\/api.w.org\/{rel}","templated":true}]}}