{"id":5469,"date":"2023-09-01T02:27:54","date_gmt":"2023-09-01T02:27:54","guid":{"rendered":"https:\/\/normaplas.com\/?post_type=product&#038;p=5469"},"modified":"2023-12-29T22:49:11","modified_gmt":"2023-12-29T22:49:11","slug":"moldura-wing-espanol","status":"publish","type":"product","link":"https:\/\/normaplas.com\/en\/product\/moldura-wing-espanol\/","title":{"rendered":"Moldura Wing Espa\u00f1ol <br>Moldura PVC 2.40m Largo"},"content":{"rendered":"<p>Las molduras Wing Espa\u00f1ol Normaplas\u00ae est\u00e1n disponibles en una amplia gama de colores que se adaptan perfectamente a los tonos cer\u00e1micos actuales. Su forma se ajusta con precisi\u00f3n a los bordes de la cer\u00e1mica, cubriendo su superficie y creando un elegante acabado en forma de arco.<br \/>\n<strong>Caracter\u00edsticas:<\/strong><\/p>\n<ul>\n<li>Hecho de pl\u00e1stico 100% P.V.C. r\u00edgido.<\/li>\n<li>Las perforaciones continuas facilitan la adaptaci\u00f3n del perfil a las piezas cer\u00e1micas.<\/li>\n<li>30 referencias de colores marmolizados<\/li>\n<li>3 opciones de colores planos: blanco, beige y negro<\/li>\n<li>Son perfectos para combinar o contrastar con las superficies de las cer\u00e1micas.<\/li>\n<li>Seguros y precisos, sin astillas.<\/li>\n<\/ul>\n<p><a href=\"https:\/\/normaplas.com\/wp-content\/uploads\/2023\/12\/Actualizado-Catalogo-Wing-33-referencias-3.pdf\" target=\"_blank\" rel=\"noopener\"><img decoding=\"async\" src=\"https:\/\/normaplas.com\/wp-content\/uploads\/2023\/09\/Captura_de_pantalla_2023-12-17_203632-removebg-preview.png\" alt=\"\" width=\"356\" height=\"116\" \/><\/a><\/p>\n<h2><span style=\"color: #0057a4;\"><strong>Colores TENDENCIA<\/strong><\/span><\/h2>\n<div id=\"metaslider-id-6429\" style=\"width: 100%;\" class=\"ml-slider-3-93-0 metaslider metaslider-flex metaslider-6429 ml-slider ms-theme-default nav-hidden\" role=\"region\" aria-roledescription=\"Slideshow\" aria-label=\"Colores TENDENCIA\">\n    <div id=\"metaslider_container_6429\">\n        <div id=\"metaslider_6429\">\n            <ul class='slides'>\n                <li style=\"display: none; width: 100%;\" class=\"slide-6430 ms-image\" aria-roledescription=\"slide\" aria-label=\"slide-6430\"><img fetchpriority=\"high\" decoding=\"async\" src=\"https:\/\/normaplas.com\/wp-content\/uploads\/2023\/09\/Wing-PVC-Nuez-350x350.png\" height=\"350\" width=\"350\" alt=\"\" class=\"slider-6429 slide-6430\" title=\"Wing PVC Nuez\" \/><div class=\"caption-wrap\"><div class=\"caption\">Wing PVC Nuez<br \/>  Ref. 403040 2.40 m Largo<\/div><\/div><\/li>\n                <li style=\"display: none; width: 100%;\" class=\"slide-6431 ms-image\" aria-roledescription=\"slide\" aria-label=\"slide-6431\"><img decoding=\"async\" src=\"https:\/\/normaplas.com\/wp-content\/uploads\/2023\/09\/Wing-PVC-Nogal-350x350.png\" height=\"350\" width=\"350\" alt=\"\" class=\"slider-6429 slide-6431\" title=\"Wing PVC Nogal\" \/><div class=\"caption-wrap\"><div class=\"caption\">Wing PVC Noga<br \/>l  Ref. 403043 2.40 m Largo<\/div><\/div><\/li>\n                <li style=\"display: none; width: 100%;\" class=\"slide-6432 ms-image\" aria-roledescription=\"slide\" aria-label=\"slide-6432\"><img loading=\"lazy\" decoding=\"async\" src=\"https:\/\/normaplas.com\/wp-content\/uploads\/2023\/09\/Wing-PVC-Gris-Cenizo-350x350.png\" height=\"350\" width=\"350\" alt=\"\" class=\"slider-6429 slide-6432\" title=\"Wing PVC Gris Cenizo\" \/><div class=\"caption-wrap\"><div class=\"caption\">Wing PVC Gris Cenizo<br \/>  Ref. 403013 2.40 m Largo <\/div><\/div><\/li>\n                <li style=\"display: none; width: 100%;\" class=\"slide-6433 ms-image\" aria-roledescription=\"slide\" aria-label=\"slide-6433\"><img loading=\"lazy\" decoding=\"async\" src=\"https:\/\/normaplas.com\/wp-content\/uploads\/2023\/09\/Wing-PVC-Avellana-350x350.png\" height=\"350\" width=\"350\" alt=\"\" class=\"slider-6429 slide-6433\" title=\"Wing PVC Avellana\" \/><div class=\"caption-wrap\"><div class=\"caption\">Wing PVC Avellana<br \/>  Ref. 403034 2.40 m Largo<\/div><\/div><\/li>\n                <li style=\"display: none; width: 100%;\" class=\"slide-6434 ms-image\" aria-roledescription=\"slide\" aria-label=\"slide-6434\"><img loading=\"lazy\" decoding=\"async\" src=\"https:\/\/normaplas.com\/wp-content\/uploads\/2023\/09\/Wing-PVC-Amareto-350x350.png\" height=\"350\" width=\"350\" alt=\"\" class=\"slider-6429 slide-6434\" title=\"Wing PVC Amareto\" \/><div class=\"caption-wrap\"><div class=\"caption\">Wing PVC Amareto <br \/>Ref. 403039 2.40 m Largo <\/div><\/div><\/li>\n            <\/ul>\n        <\/div>\n        \n    <\/div>\n<\/div>","protected":false},"excerpt":{"rendered":"<p><img loading=\"lazy\" decoding=\"async\" class=\"alignnone wp-image-6274 size-large\" src=\"https:\/\/normaplas.com\/wp-content\/uploads\/2023\/09\/wing-marmol-plano-fijo-840x562.png\" alt=\"\" width=\"840\" height=\"562\" srcset=\"https:\/\/normaplas.com\/wp-content\/uploads\/2023\/09\/wing-marmol-plano-fijo-840x562.png 840w, https:\/\/normaplas.com\/wp-content\/uploads\/2023\/09\/wing-marmol-plano-fijo-770x514.png 770w\" sizes=\"(max-width: 840px) 100vw, 840px\" \/><\/p>","protected":false},"featured_media":5832,"template":"","meta":{"_joinchat":[]},"product_cat":[36],"product_tag":[131,130,132],"class_list":{"0":"post-5469","1":"product","2":"type-product","3":"status-publish","4":"has-post-thumbnail","6":"product_cat-linea-acabados","7":"product_tag-media-cana-pvc","8":"product_tag-moldura-pvc","9":"product_tag-wing-espanol","10":"cms-has-post-thumbnail","12":"first","13":"instock","14":"shipping-taxable","15":"product-type-external"},"yoast_head":"<!-- This site is optimized with the Yoast SEO plugin v24.0 - https:\/\/yoast.com\/wordpress\/plugins\/seo\/ -->\n<title>Moldura Wing Espa\u00f1ol Moldura PVC 2.40m Largo - Normaplas<\/title>\n<meta name=\"robots\" content=\"index, follow, max-snippet:-1, max-image-preview:large, max-video-preview:-1\" \/>\n<link rel=\"canonical\" href=\"https:\/\/normaplas.com\/en\/product\/moldura-wing-espanol\/\" \/>\n<meta property=\"og:locale\" content=\"en_US\" \/>\n<meta property=\"og:type\" content=\"article\" \/>\n<meta property=\"og:title\" content=\"Moldura Wing Espa\u00f1ol Moldura PVC 2.40m Largo - Normaplas\" \/>\n<meta property=\"og:url\" content=\"https:\/\/normaplas.com\/en\/product\/moldura-wing-espanol\/\" \/>\n<meta property=\"og:site_name\" content=\"Normaplas\" \/>\n<meta property=\"article:modified_time\" content=\"2023-12-29T22:49:11+00:00\" \/>\n<meta property=\"og:image\" content=\"https:\/\/normaplas.com\/wp-content\/uploads\/2023\/09\/27-WING-BLANCO-BRILLANTE-normaplas.jpg\" \/>\n\t<meta property=\"og:image:width\" content=\"600\" \/>\n\t<meta property=\"og:image:height\" content=\"600\" \/>\n\t<meta property=\"og:image:type\" content=\"image\/jpeg\" \/>\n<meta name=\"twitter:card\" content=\"summary_large_image\" \/>\n<meta name=\"twitter:site\" content=\"@normaplas\" \/>\n<meta name=\"twitter:label1\" content=\"Est. reading time\" \/>\n\t<meta name=\"twitter:data1\" content=\"1 minute\" \/>\n<script type=\"application\/ld+json\" class=\"yoast-schema-graph\">{\"@context\":\"https:\/\/schema.org\",\"@graph\":[{\"@type\":\"WebPage\",\"@id\":\"https:\/\/normaplas.com\/producto\/moldura-wing-espanol\/\",\"url\":\"https:\/\/normaplas.com\/producto\/moldura-wing-espanol\/\",\"name\":\"Moldura Wing Espa\u00f1ol Moldura PVC 2.40m Largo - Normaplas\",\"isPartOf\":{\"@id\":\"https:\/\/normaplas.com\/#website\"},\"primaryImageOfPage\":{\"@id\":\"https:\/\/normaplas.com\/producto\/moldura-wing-espanol\/#primaryimage\"},\"image\":{\"@id\":\"https:\/\/normaplas.com\/producto\/moldura-wing-espanol\/#primaryimage\"},\"thumbnailUrl\":\"https:\/\/normaplas.com\/wp-content\/uploads\/2023\/09\/27-WING-BLANCO-BRILLANTE-normaplas.jpg\",\"datePublished\":\"2023-09-01T02:27:54+00:00\",\"dateModified\":\"2023-12-29T22:49:11+00:00\",\"breadcrumb\":{\"@id\":\"https:\/\/normaplas.com\/producto\/moldura-wing-espanol\/#breadcrumb\"},\"inLanguage\":\"en-US\",\"potentialAction\":[{\"@type\":\"ReadAction\",\"target\":[\"https:\/\/normaplas.com\/producto\/moldura-wing-espanol\/\"]}]},{\"@type\":\"ImageObject\",\"inLanguage\":\"en-US\",\"@id\":\"https:\/\/normaplas.com\/producto\/moldura-wing-espanol\/#primaryimage\",\"url\":\"https:\/\/normaplas.com\/wp-content\/uploads\/2023\/09\/27-WING-BLANCO-BRILLANTE-normaplas.jpg\",\"contentUrl\":\"https:\/\/normaplas.com\/wp-content\/uploads\/2023\/09\/27-WING-BLANCO-BRILLANTE-normaplas.jpg\",\"width\":600,\"height\":600},{\"@type\":\"BreadcrumbList\",\"@id\":\"https:\/\/normaplas.com\/producto\/moldura-wing-espanol\/#breadcrumb\",\"itemListElement\":[{\"@type\":\"ListItem\",\"position\":1,\"name\":\"Portada\",\"item\":\"https:\/\/normaplas.com\/\"},{\"@type\":\"ListItem\",\"position\":2,\"name\":\"Productos\",\"item\":\"https:\/\/normaplas.com\/shop\/\"},{\"@type\":\"ListItem\",\"position\":3,\"name\":\"Moldura Wing Espa\u00f1ol Moldura PVC 2.40m Largo\"}]},{\"@type\":\"WebSite\",\"@id\":\"https:\/\/normaplas.com\/#website\",\"url\":\"https:\/\/normaplas.com\/\",\"name\":\"Normaplas\",\"description\":\"\",\"publisher\":{\"@id\":\"https:\/\/normaplas.com\/#organization\"},\"potentialAction\":[{\"@type\":\"SearchAction\",\"target\":{\"@type\":\"EntryPoint\",\"urlTemplate\":\"https:\/\/normaplas.com\/?s={search_term_string}\"},\"query-input\":{\"@type\":\"PropertyValueSpecification\",\"valueRequired\":true,\"valueName\":\"search_term_string\"}}],\"inLanguage\":\"en-US\"},{\"@type\":\"Organization\",\"@id\":\"https:\/\/normaplas.com\/#organization\",\"name\":\"Normaplas\",\"url\":\"https:\/\/normaplas.com\/\",\"logo\":{\"@type\":\"ImageObject\",\"inLanguage\":\"en-US\",\"@id\":\"https:\/\/normaplas.com\/#\/schema\/logo\/image\/\",\"url\":\"https:\/\/normaplas.com\/wp-content\/uploads\/2021\/09\/1-LOGO-NORMAPLAS-horizontal-STROKE-1-Y-0.5-y-logosimbolo-2pt.png\",\"contentUrl\":\"https:\/\/normaplas.com\/wp-content\/uploads\/2021\/09\/1-LOGO-NORMAPLAS-horizontal-STROKE-1-Y-0.5-y-logosimbolo-2pt.png\",\"width\":3229,\"height\":785,\"caption\":\"Normaplas\"},\"image\":{\"@id\":\"https:\/\/normaplas.com\/#\/schema\/logo\/image\/\"},\"sameAs\":[\"https:\/\/x.com\/normaplas\",\"https:\/\/www.instagram.com\/normaplasoficial\/\"]}]}<\/script>\n<!-- \/ Yoast SEO plugin. -->","yoast_head_json":{"title":"Moldura Wing Espa\u00f1ol Moldura PVC 2.40m Largo - Normaplas","robots":{"index":"index","follow":"follow","max-snippet":"max-snippet:-1","max-image-preview":"max-image-preview:large","max-video-preview":"max-video-preview:-1"},"canonical":"https:\/\/normaplas.com\/en\/product\/moldura-wing-espanol\/","og_locale":"en_US","og_type":"article","og_title":"Moldura Wing Espa\u00f1ol Moldura PVC 2.40m Largo - Normaplas","og_url":"https:\/\/normaplas.com\/en\/product\/moldura-wing-espanol\/","og_site_name":"Normaplas","article_modified_time":"2023-12-29T22:49:11+00:00","og_image":[{"width":600,"height":600,"url":"https:\/\/normaplas.com\/wp-content\/uploads\/2023\/09\/27-WING-BLANCO-BRILLANTE-normaplas.jpg","type":"image\/jpeg"}],"twitter_card":"summary_large_image","twitter_site":"@normaplas","twitter_misc":{"Est. reading time":"1 minute"},"schema":{"@context":"https:\/\/schema.org","@graph":[{"@type":"WebPage","@id":"https:\/\/normaplas.com\/producto\/moldura-wing-espanol\/","url":"https:\/\/normaplas.com\/producto\/moldura-wing-espanol\/","name":"Moldura Wing Espa\u00f1ol Moldura PVC 2.40m Largo - Normaplas","isPartOf":{"@id":"https:\/\/normaplas.com\/#website"},"primaryImageOfPage":{"@id":"https:\/\/normaplas.com\/producto\/moldura-wing-espanol\/#primaryimage"},"image":{"@id":"https:\/\/normaplas.com\/producto\/moldura-wing-espanol\/#primaryimage"},"thumbnailUrl":"https:\/\/normaplas.com\/wp-content\/uploads\/2023\/09\/27-WING-BLANCO-BRILLANTE-normaplas.jpg","datePublished":"2023-09-01T02:27:54+00:00","dateModified":"2023-12-29T22:49:11+00:00","breadcrumb":{"@id":"https:\/\/normaplas.com\/producto\/moldura-wing-espanol\/#breadcrumb"},"inLanguage":"en-US","potentialAction":[{"@type":"ReadAction","target":["https:\/\/normaplas.com\/producto\/moldura-wing-espanol\/"]}]},{"@type":"ImageObject","inLanguage":"en-US","@id":"https:\/\/normaplas.com\/producto\/moldura-wing-espanol\/#primaryimage","url":"https:\/\/normaplas.com\/wp-content\/uploads\/2023\/09\/27-WING-BLANCO-BRILLANTE-normaplas.jpg","contentUrl":"https:\/\/normaplas.com\/wp-content\/uploads\/2023\/09\/27-WING-BLANCO-BRILLANTE-normaplas.jpg","width":600,"height":600},{"@type":"BreadcrumbList","@id":"https:\/\/normaplas.com\/producto\/moldura-wing-espanol\/#breadcrumb","itemListElement":[{"@type":"ListItem","position":1,"name":"Portada","item":"https:\/\/normaplas.com\/"},{"@type":"ListItem","position":2,"name":"Productos","item":"https:\/\/normaplas.com\/shop\/"},{"@type":"ListItem","position":3,"name":"Moldura Wing Espa\u00f1ol Moldura PVC 2.40m Largo"}]},{"@type":"WebSite","@id":"https:\/\/normaplas.com\/#website","url":"https:\/\/normaplas.com\/","name":"Normaplas","description":"","publisher":{"@id":"https:\/\/normaplas.com\/#organization"},"potentialAction":[{"@type":"SearchAction","target":{"@type":"EntryPoint","urlTemplate":"https:\/\/normaplas.com\/?s={search_term_string}"},"query-input":{"@type":"PropertyValueSpecification","valueRequired":true,"valueName":"search_term_string"}}],"inLanguage":"en-US"},{"@type":"Organization","@id":"https:\/\/normaplas.com\/#organization","name":"Normaplas","url":"https:\/\/normaplas.com\/","logo":{"@type":"ImageObject","inLanguage":"en-US","@id":"https:\/\/normaplas.com\/#\/schema\/logo\/image\/","url":"https:\/\/normaplas.com\/wp-content\/uploads\/2021\/09\/1-LOGO-NORMAPLAS-horizontal-STROKE-1-Y-0.5-y-logosimbolo-2pt.png","contentUrl":"https:\/\/normaplas.com\/wp-content\/uploads\/2021\/09\/1-LOGO-NORMAPLAS-horizontal-STROKE-1-Y-0.5-y-logosimbolo-2pt.png","width":3229,"height":785,"caption":"Normaplas"},"image":{"@id":"https:\/\/normaplas.com\/#\/schema\/logo\/image\/"},"sameAs":["https:\/\/x.com\/normaplas","https:\/\/www.instagram.com\/normaplasoficial\/"]}]}},"_links":{"self":[{"href":"https:\/\/normaplas.com\/en\/wp-json\/wp\/v2\/product\/5469","targetHints":{"allow":["GET"]}}],"collection":[{"href":"https:\/\/normaplas.com\/en\/wp-json\/wp\/v2\/product"}],"about":[{"href":"https:\/\/normaplas.com\/en\/wp-json\/wp\/v2\/types\/product"}],"version-history":[{"count":33,"href":"https:\/\/normaplas.com\/en\/wp-json\/wp\/v2\/product\/5469\/revisions"}],"predecessor-version":[{"id":6414,"href":"https:\/\/normaplas.com\/en\/wp-json\/wp\/v2\/product\/5469\/revisions\/6414"}],"wp:featuredmedia":[{"embeddable":true,"href":"https:\/\/normaplas.com\/en\/wp-json\/wp\/v2\/media\/5832"}],"wp:attachment":[{"href":"https:\/\/normaplas.com\/en\/wp-json\/wp\/v2\/media?parent=5469"}],"wp:term":[{"taxonomy":"product_cat","embeddable":true,"href":"https:\/\/normaplas.com\/en\/wp-json\/wp\/v2\/product_cat?post=5469"},{"taxonomy":"product_tag","embeddable":true,"href":"https:\/\/normaplas.com\/en\/wp-json\/wp\/v2\/product_tag?post=5469"}],"curies":[{"name":"wp","href":"https:\/\/api.w.org\/{rel}","templated":true}]}}