{"id":5839,"date":"2023-11-27T22:59:40","date_gmt":"2023-11-27T22:59:40","guid":{"rendered":"https:\/\/normaplas.com\/?post_type=product&#038;p=5839"},"modified":"2023-12-22T02:01:49","modified_gmt":"2023-12-22T02:01:49","slug":"esquinera-pvc-tonos-madera","status":"publish","type":"product","link":"https:\/\/normaplas.com\/en\/product\/esquinera-pvc-tonos-madera\/","title":{"rendered":"Esquinera PVC Tonos Madera"},"content":{"rendered":"<div data-elementor-type=\"product-post\" data-elementor-id=\"5839\" class=\"elementor elementor-5839\" data-elementor-post-type=\"product\">\n\t\t\t\t\t\t<section class=\"elementor-section elementor-top-section elementor-element elementor-element-7dd154f3 elementor-section-content-top elementor-section-boxed elementor-section-height-default elementor-section-height-default cms-section-no-padding-no cms-boxed-bg-false cms-section-boxed-divider-false cms-remove-row-no\" data-id=\"7dd154f3\" data-element_type=\"section\">\r\n\t\t\t<div class=\"cms-overlay-gradient\"><\/div><div class=\"cms-section-boxed-bg\"><\/div><div class=\"cms-section-boxed-divider\"><\/div><div class=\"cms-elementor-section-remove\"><\/div>\t\t\t<div class=\"elementor-container elementor-column-gap-custom\" >\r\n\t\t\t        <div class=\"elementor-column elementor-col-100 elementor-top-column elementor-element elementor-element-54743064\" data-id=\"54743064\" data-element_type=\"column\">\r\n            <div class=\"elementor-widget-wrap elementor-element-populated\">\r\n                \t\t<div class=\"elementor-element elementor-element-56bcd92b elementor-widget elementor-widget-text-editor\" data-id=\"56bcd92b\" data-element_type=\"widget\" data-widget_type=\"text-editor.default\">\n\t\t\t\t<div class=\"elementor-widget-container\">\n\t\t\t\t\t\t\t\t\t<p>Perfil en forma de \u00e1ngulo de\u00a0 PVC r\u00edgido dise\u00f1ado para decoraci\u00f3n de interiores, que protege las paredes de golpes en la parte inferior. Disponible en tonos de madera que armonizan perfectamente con cualquier ambiente.<\/p><p><strong>Caracter\u00edsticas:\u00a0<\/strong><\/p><p>El dise\u00f1o interior estriado asegura una fijaci\u00f3n duradera con pegamento en las esquinas de las paredes, proporcionando una protecci\u00f3n adicional contra los golpes en las \u00e1reas m\u00e1s transitadas.<\/p><p>Decorado imitaci\u00f3n\u00a0 tonos madera.<\/p><p>Colores disponibles:\u00a0 Wuengue, Parket Claro, Avellana, Madera, Parket,<\/p><p>Realice cortes seguros sin astillas.<\/p><p><strong>Almacenamiento:<\/strong><\/p><p>Se recomienda almacenar y transportar este producto: de forma horizontal, sobre una superficie totalmente plana, en la sombra,<strong> a <\/strong><strong>temperatura ambiente <\/strong>en un\u00a0<strong>lugar seco y <\/strong><strong>fresco<\/strong>.<\/p><p>No exponer el producto a la intemperie o a temperaturas intensas y constantes.<\/p><p><strong>Instalaci\u00f3n<\/strong><\/p><ul><li>Este producto est\u00e1 dise\u00f1ado para ser instalado en <u>ambientes interiores<\/u>.<\/li><li>Despu\u00e9s de instalado el producto con pegante, debe ser limpiado inmediatamente con un pa\u00f1o suave humedecido con agua.<\/li><li>Si es necesaria una limpieza m\u00e1s a fondo, puede utilizar un pa\u00f1o limpio y humedecido con una soluci\u00f3n de jab\u00f3n suave para quitar el polvo y la suciedad<strong>.<\/strong><\/li><\/ul><p><strong>Mantenimiento<\/strong><\/p><ul><li>Nunca utilice quitamanchas o removedores en la superficie decorada del perfil pl\u00e1stico.<\/li><li>Varios productos que se usan para limpiar, conservar y proteger las superficies\u00a0 de pl\u00e1stico, pueden alterar permanentemente la apariencia y la textura del decorado.<\/li><\/ul><p>Por ende no es recomendable su uso.<\/p><ul><li>No use productos de silic\u00f3n o con base de cera ni aquellos que contengan solventes org\u00e1nicos, ya que pueden alterar su apariencia aumentando el brillo de manera no uniforme.<\/li><\/ul><p><strong>Pol\u00edtica de garant\u00eda <\/strong><\/p><p>Cubre solo defectos de f\u00e1brica y no cubre da\u00f1os causados por una mala manipulaci\u00f3n o instalaci\u00f3n del producto. Ver forma de empleo y precauciones en el empaque<\/p>\t\t\t\t\t\t\t\t<\/div>\n\t\t\t\t<\/div>\n\t\t            <\/div>\r\n        <\/div>\r\n        \t\t\t<\/div>\r\n\t\t<\/section>\r\n\t\t\t\t<section class=\"elementor-section elementor-top-section elementor-element elementor-element-1bf6a5a elementor-section-boxed elementor-section-height-default elementor-section-height-default cms-section-no-padding-no cms-boxed-bg-false cms-section-boxed-divider-false cms-remove-row-no\" data-id=\"1bf6a5a\" data-element_type=\"section\">\r\n\t\t\t<div class=\"cms-overlay-gradient\"><\/div><div class=\"cms-section-boxed-bg\"><\/div><div class=\"cms-section-boxed-divider\"><\/div><div class=\"cms-elementor-section-remove\"><\/div>\t\t\t<div class=\"elementor-container elementor-column-gap-default\" >\r\n\t\t\t        <div class=\"elementor-column elementor-col-100 elementor-top-column elementor-element elementor-element-bb95b6d\" data-id=\"bb95b6d\" data-element_type=\"column\">\r\n            <div class=\"elementor-widget-wrap elementor-element-populated\">\r\n                \t\t<div class=\"elementor-element elementor-element-096acf9 elementor-widget elementor-widget-heading\" data-id=\"096acf9\" data-element_type=\"widget\" data-widget_type=\"heading.default\">\n\t\t\t\t<div class=\"elementor-widget-container\">\n\t\t\t\t\t<h2 class=\"elementor-heading-title elementor-size-default\">Tonos Madera<\/h2>\t\t\t\t<\/div>\n\t\t\t\t<\/div>\n\t\t\t\t<div class=\"elementor-element elementor-element-7a0bdb3 elementor-arrows-position-inside elementor-pagination-position-outside elementor-widget elementor-widget-image-carousel\" data-id=\"7a0bdb3\" data-element_type=\"widget\" data-settings=\"{&quot;navigation&quot;:&quot;both&quot;,&quot;autoplay&quot;:&quot;yes&quot;,&quot;pause_on_hover&quot;:&quot;yes&quot;,&quot;pause_on_interaction&quot;:&quot;yes&quot;,&quot;autoplay_speed&quot;:5000,&quot;infinite&quot;:&quot;yes&quot;,&quot;speed&quot;:500}\" data-widget_type=\"image-carousel.default\">\n\t\t\t\t<div class=\"elementor-widget-container\">\n\t\t\t\t\t\t\t<div class=\"elementor-image-carousel-wrapper swiper\" role=\"region\" aria-roledescription=\"carousel\" aria-label=\"Carrusel de im\u00e1genes\" dir=\"ltr\">\n\t\t\t<div class=\"elementor-image-carousel swiper-wrapper\" aria-live=\"off\">\n\t\t\t\t\t\t\t\t<div class=\"swiper-slide\" role=\"group\" aria-roledescription=\"slide\" aria-label=\"1 de 5\"><figure class=\"swiper-slide-inner\"><img decoding=\"async\" class=\"swiper-slide-image\" src=\"https:\/\/normaplas.com\/wp-content\/uploads\/2023\/11\/1-Esquinera-PVC-madera-estrias-NORMAPLAS.jpg\" alt=\"Esquinera PVC estriada madera  Ref. 401007  2.30m Largo\" \/><figcaption class=\"elementor-image-carousel-caption\">Esquinera PVC estriada madera <br> Ref. 401007  2.30m Largo<\/figcaption><\/figure><\/div><div class=\"swiper-slide\" role=\"group\" aria-roledescription=\"slide\" aria-label=\"2 de 5\"><figure class=\"swiper-slide-inner\"><img decoding=\"async\" class=\"swiper-slide-image\" src=\"https:\/\/normaplas.com\/wp-content\/uploads\/2023\/11\/esquinera-pvc-parket-claro-normaplas.jpg\" alt=\"Esquinera PVC Parquet Claro Ref.  401025  2.30m Largo\" \/><figcaption class=\"elementor-image-carousel-caption\">Esquinera PVC Parquet Claro <br>Ref.  401025  2.30m Largo <\/figcaption><\/figure><\/div><div class=\"swiper-slide\" role=\"group\" aria-roledescription=\"slide\" aria-label=\"3 de 5\"><figure class=\"swiper-slide-inner\"><img decoding=\"async\" class=\"swiper-slide-image\" src=\"https:\/\/normaplas.com\/wp-content\/uploads\/2023\/11\/esquinera-avellana-pvc-normaplas.jpg\" alt=\"Esquinera PVC Avellana  Ref. 401034  2.30m Largo\" \/><figcaption class=\"elementor-image-carousel-caption\">Esquinera PVC Avellana <br> Ref. 401034  2.30m Largo<\/figcaption><\/figure><\/div><div class=\"swiper-slide\" role=\"group\" aria-roledescription=\"slide\" aria-label=\"4 de 5\"><figure class=\"swiper-slide-inner\"><img decoding=\"async\" class=\"swiper-slide-image\" src=\"https:\/\/normaplas.com\/wp-content\/uploads\/2023\/11\/esquinera-wuengue.jpg\" alt=\"Esquinera PVC WengueRef. 401030  2.30m Largo\" \/><figcaption class=\"elementor-image-carousel-caption\">Esquinera PVC Wengue<br>Ref. 401030  2.30m Largo <\/figcaption><\/figure><\/div><div class=\"swiper-slide\" role=\"group\" aria-roledescription=\"slide\" aria-label=\"5 de 5\"><figure class=\"swiper-slide-inner\"><img decoding=\"async\" class=\"swiper-slide-image\" src=\"https:\/\/normaplas.com\/wp-content\/uploads\/2023\/11\/esquinera-parket.jpg\" alt=\"Esquinera PVC  ParketRef. 401008  2.30m Largo\" \/><figcaption class=\"elementor-image-carousel-caption\">Esquinera PVC  Parket<br>Ref. 401008  2.30m Largo<\/figcaption><\/figure><\/div>\t\t\t<\/div>\n\t\t\t\t\t\t\t\t\t\t\t\t<div class=\"elementor-swiper-button elementor-swiper-button-prev\" role=\"button\" tabindex=\"0\">\n\t\t\t\t\t\t<i aria-hidden=\"true\" class=\"eicon-chevron-left\"><\/i>\t\t\t\t\t<\/div>\n\t\t\t\t\t<div class=\"elementor-swiper-button elementor-swiper-button-next\" role=\"button\" tabindex=\"0\">\n\t\t\t\t\t\t<i aria-hidden=\"true\" class=\"eicon-chevron-right\"><\/i>\t\t\t\t\t<\/div>\n\t\t\t\t\n\t\t\t\t\t\t\t\t\t<div class=\"swiper-pagination\"><\/div>\n\t\t\t\t\t\t\t\t\t<\/div>\n\t\t\t\t\t\t<\/div>\n\t\t\t\t<\/div>\n\t\t            <\/div>\r\n        <\/div>\r\n        \t\t\t<\/div>\r\n\t\t<\/section>\r\n\t\t\t\t<\/div>","protected":false},"excerpt":{"rendered":"<p><img fetchpriority=\"high\" decoding=\"async\" class=\"alignnone wp-image-6303 size-large\" src=\"https:\/\/normaplas.com\/wp-content\/uploads\/2023\/11\/esquinera-pvc-tonos-madera-plano-fijo-840x562.png\" alt=\"\" width=\"840\" height=\"562\" srcset=\"https:\/\/normaplas.com\/wp-content\/uploads\/2023\/11\/esquinera-pvc-tonos-madera-plano-fijo-840x562.png 840w, https:\/\/normaplas.com\/wp-content\/uploads\/2023\/11\/esquinera-pvc-tonos-madera-plano-fijo-770x514.png 770w\" sizes=\"(max-width: 840px) 100vw, 840px\" \/><\/p>","protected":false},"featured_media":5842,"template":"","meta":{"_joinchat":[]},"product_cat":[137],"product_tag":[136,133,134,135],"class_list":{"0":"post-5839","1":"product","2":"type-product","3":"status-publish","4":"has-post-thumbnail","6":"product_cat-esquinera-tonos-madera","7":"product_tag-40-m","8":"product_tag-esquinera-pvc-madera","9":"product_tag-esquineras-madera-plasticas","10":"product_tag-esquinero-pvc-imitacion-madera-2","11":"cms-has-post-thumbnail","13":"first","14":"instock","15":"shipping-taxable","16":"product-type-external"},"yoast_head":"<!-- This site is optimized with the Yoast SEO plugin v24.0 - https:\/\/yoast.com\/wordpress\/plugins\/seo\/ -->\n<title>Esquinera PVC Tonos Madera - Normaplas<\/title>\n<meta name=\"robots\" content=\"index, follow, max-snippet:-1, max-image-preview:large, max-video-preview:-1\" \/>\n<link rel=\"canonical\" href=\"https:\/\/normaplas.com\/en\/product\/esquinera-pvc-tonos-madera\/\" \/>\n<meta property=\"og:locale\" content=\"en_US\" \/>\n<meta property=\"og:type\" content=\"article\" \/>\n<meta property=\"og:title\" content=\"Esquinera PVC Tonos Madera - Normaplas\" \/>\n<meta property=\"og:url\" content=\"https:\/\/normaplas.com\/en\/product\/esquinera-pvc-tonos-madera\/\" \/>\n<meta property=\"og:site_name\" content=\"Normaplas\" \/>\n<meta property=\"article:modified_time\" content=\"2023-12-22T02:01:49+00:00\" \/>\n<meta property=\"og:image\" content=\"https:\/\/normaplas.com\/wp-content\/uploads\/2023\/11\/1-Esquinera-PVC-madera-estrias-NORMAPLAS.jpg\" \/>\n\t<meta property=\"og:image:width\" content=\"600\" \/>\n\t<meta property=\"og:image:height\" content=\"600\" \/>\n\t<meta property=\"og:image:type\" content=\"image\/jpeg\" \/>\n<meta name=\"twitter:card\" content=\"summary_large_image\" \/>\n<meta name=\"twitter:site\" content=\"@normaplas\" \/>\n<script type=\"application\/ld+json\" class=\"yoast-schema-graph\">{\"@context\":\"https:\/\/schema.org\",\"@graph\":[{\"@type\":\"WebPage\",\"@id\":\"https:\/\/normaplas.com\/producto\/esquinera-pvc-tonos-madera\/\",\"url\":\"https:\/\/normaplas.com\/producto\/esquinera-pvc-tonos-madera\/\",\"name\":\"Esquinera PVC Tonos Madera - Normaplas\",\"isPartOf\":{\"@id\":\"https:\/\/normaplas.com\/#website\"},\"primaryImageOfPage\":{\"@id\":\"https:\/\/normaplas.com\/producto\/esquinera-pvc-tonos-madera\/#primaryimage\"},\"image\":{\"@id\":\"https:\/\/normaplas.com\/producto\/esquinera-pvc-tonos-madera\/#primaryimage\"},\"thumbnailUrl\":\"https:\/\/normaplas.com\/wp-content\/uploads\/2023\/11\/1-Esquinera-PVC-madera-estrias-NORMAPLAS.jpg\",\"datePublished\":\"2023-11-27T22:59:40+00:00\",\"dateModified\":\"2023-12-22T02:01:49+00:00\",\"breadcrumb\":{\"@id\":\"https:\/\/normaplas.com\/producto\/esquinera-pvc-tonos-madera\/#breadcrumb\"},\"inLanguage\":\"en-US\",\"potentialAction\":[{\"@type\":\"ReadAction\",\"target\":[\"https:\/\/normaplas.com\/producto\/esquinera-pvc-tonos-madera\/\"]}]},{\"@type\":\"ImageObject\",\"inLanguage\":\"en-US\",\"@id\":\"https:\/\/normaplas.com\/producto\/esquinera-pvc-tonos-madera\/#primaryimage\",\"url\":\"https:\/\/normaplas.com\/wp-content\/uploads\/2023\/11\/1-Esquinera-PVC-madera-estrias-NORMAPLAS.jpg\",\"contentUrl\":\"https:\/\/normaplas.com\/wp-content\/uploads\/2023\/11\/1-Esquinera-PVC-madera-estrias-NORMAPLAS.jpg\",\"width\":600,\"height\":600,\"caption\":\"Esquinera PVC estriada madera Ref. 401007 2.30m Largo\"},{\"@type\":\"BreadcrumbList\",\"@id\":\"https:\/\/normaplas.com\/producto\/esquinera-pvc-tonos-madera\/#breadcrumb\",\"itemListElement\":[{\"@type\":\"ListItem\",\"position\":1,\"name\":\"Portada\",\"item\":\"https:\/\/normaplas.com\/\"},{\"@type\":\"ListItem\",\"position\":2,\"name\":\"Productos\",\"item\":\"https:\/\/normaplas.com\/shop\/\"},{\"@type\":\"ListItem\",\"position\":3,\"name\":\"Esquinera PVC Tonos Madera\"}]},{\"@type\":\"WebSite\",\"@id\":\"https:\/\/normaplas.com\/#website\",\"url\":\"https:\/\/normaplas.com\/\",\"name\":\"Normaplas\",\"description\":\"\",\"publisher\":{\"@id\":\"https:\/\/normaplas.com\/#organization\"},\"potentialAction\":[{\"@type\":\"SearchAction\",\"target\":{\"@type\":\"EntryPoint\",\"urlTemplate\":\"https:\/\/normaplas.com\/?s={search_term_string}\"},\"query-input\":{\"@type\":\"PropertyValueSpecification\",\"valueRequired\":true,\"valueName\":\"search_term_string\"}}],\"inLanguage\":\"en-US\"},{\"@type\":\"Organization\",\"@id\":\"https:\/\/normaplas.com\/#organization\",\"name\":\"Normaplas\",\"url\":\"https:\/\/normaplas.com\/\",\"logo\":{\"@type\":\"ImageObject\",\"inLanguage\":\"en-US\",\"@id\":\"https:\/\/normaplas.com\/#\/schema\/logo\/image\/\",\"url\":\"https:\/\/normaplas.com\/wp-content\/uploads\/2021\/09\/1-LOGO-NORMAPLAS-horizontal-STROKE-1-Y-0.5-y-logosimbolo-2pt.png\",\"contentUrl\":\"https:\/\/normaplas.com\/wp-content\/uploads\/2021\/09\/1-LOGO-NORMAPLAS-horizontal-STROKE-1-Y-0.5-y-logosimbolo-2pt.png\",\"width\":3229,\"height\":785,\"caption\":\"Normaplas\"},\"image\":{\"@id\":\"https:\/\/normaplas.com\/#\/schema\/logo\/image\/\"},\"sameAs\":[\"https:\/\/x.com\/normaplas\",\"https:\/\/www.instagram.com\/normaplasoficial\/\"]}]}<\/script>\n<!-- \/ Yoast SEO plugin. -->","yoast_head_json":{"title":"Esquinera PVC Tonos Madera - Normaplas","robots":{"index":"index","follow":"follow","max-snippet":"max-snippet:-1","max-image-preview":"max-image-preview:large","max-video-preview":"max-video-preview:-1"},"canonical":"https:\/\/normaplas.com\/en\/product\/esquinera-pvc-tonos-madera\/","og_locale":"en_US","og_type":"article","og_title":"Esquinera PVC Tonos Madera - Normaplas","og_url":"https:\/\/normaplas.com\/en\/product\/esquinera-pvc-tonos-madera\/","og_site_name":"Normaplas","article_modified_time":"2023-12-22T02:01:49+00:00","og_image":[{"width":600,"height":600,"url":"https:\/\/normaplas.com\/wp-content\/uploads\/2023\/11\/1-Esquinera-PVC-madera-estrias-NORMAPLAS.jpg","type":"image\/jpeg"}],"twitter_card":"summary_large_image","twitter_site":"@normaplas","schema":{"@context":"https:\/\/schema.org","@graph":[{"@type":"WebPage","@id":"https:\/\/normaplas.com\/producto\/esquinera-pvc-tonos-madera\/","url":"https:\/\/normaplas.com\/producto\/esquinera-pvc-tonos-madera\/","name":"Esquinera PVC Tonos Madera - Normaplas","isPartOf":{"@id":"https:\/\/normaplas.com\/#website"},"primaryImageOfPage":{"@id":"https:\/\/normaplas.com\/producto\/esquinera-pvc-tonos-madera\/#primaryimage"},"image":{"@id":"https:\/\/normaplas.com\/producto\/esquinera-pvc-tonos-madera\/#primaryimage"},"thumbnailUrl":"https:\/\/normaplas.com\/wp-content\/uploads\/2023\/11\/1-Esquinera-PVC-madera-estrias-NORMAPLAS.jpg","datePublished":"2023-11-27T22:59:40+00:00","dateModified":"2023-12-22T02:01:49+00:00","breadcrumb":{"@id":"https:\/\/normaplas.com\/producto\/esquinera-pvc-tonos-madera\/#breadcrumb"},"inLanguage":"en-US","potentialAction":[{"@type":"ReadAction","target":["https:\/\/normaplas.com\/producto\/esquinera-pvc-tonos-madera\/"]}]},{"@type":"ImageObject","inLanguage":"en-US","@id":"https:\/\/normaplas.com\/producto\/esquinera-pvc-tonos-madera\/#primaryimage","url":"https:\/\/normaplas.com\/wp-content\/uploads\/2023\/11\/1-Esquinera-PVC-madera-estrias-NORMAPLAS.jpg","contentUrl":"https:\/\/normaplas.com\/wp-content\/uploads\/2023\/11\/1-Esquinera-PVC-madera-estrias-NORMAPLAS.jpg","width":600,"height":600,"caption":"Esquinera PVC estriada madera Ref. 401007 2.30m Largo"},{"@type":"BreadcrumbList","@id":"https:\/\/normaplas.com\/producto\/esquinera-pvc-tonos-madera\/#breadcrumb","itemListElement":[{"@type":"ListItem","position":1,"name":"Portada","item":"https:\/\/normaplas.com\/"},{"@type":"ListItem","position":2,"name":"Productos","item":"https:\/\/normaplas.com\/shop\/"},{"@type":"ListItem","position":3,"name":"Esquinera PVC Tonos Madera"}]},{"@type":"WebSite","@id":"https:\/\/normaplas.com\/#website","url":"https:\/\/normaplas.com\/","name":"Normaplas","description":"","publisher":{"@id":"https:\/\/normaplas.com\/#organization"},"potentialAction":[{"@type":"SearchAction","target":{"@type":"EntryPoint","urlTemplate":"https:\/\/normaplas.com\/?s={search_term_string}"},"query-input":{"@type":"PropertyValueSpecification","valueRequired":true,"valueName":"search_term_string"}}],"inLanguage":"en-US"},{"@type":"Organization","@id":"https:\/\/normaplas.com\/#organization","name":"Normaplas","url":"https:\/\/normaplas.com\/","logo":{"@type":"ImageObject","inLanguage":"en-US","@id":"https:\/\/normaplas.com\/#\/schema\/logo\/image\/","url":"https:\/\/normaplas.com\/wp-content\/uploads\/2021\/09\/1-LOGO-NORMAPLAS-horizontal-STROKE-1-Y-0.5-y-logosimbolo-2pt.png","contentUrl":"https:\/\/normaplas.com\/wp-content\/uploads\/2021\/09\/1-LOGO-NORMAPLAS-horizontal-STROKE-1-Y-0.5-y-logosimbolo-2pt.png","width":3229,"height":785,"caption":"Normaplas"},"image":{"@id":"https:\/\/normaplas.com\/#\/schema\/logo\/image\/"},"sameAs":["https:\/\/x.com\/normaplas","https:\/\/www.instagram.com\/normaplasoficial\/"]}]}},"_links":{"self":[{"href":"https:\/\/normaplas.com\/en\/wp-json\/wp\/v2\/product\/5839","targetHints":{"allow":["GET"]}}],"collection":[{"href":"https:\/\/normaplas.com\/en\/wp-json\/wp\/v2\/product"}],"about":[{"href":"https:\/\/normaplas.com\/en\/wp-json\/wp\/v2\/types\/product"}],"version-history":[{"count":29,"href":"https:\/\/normaplas.com\/en\/wp-json\/wp\/v2\/product\/5839\/revisions"}],"predecessor-version":[{"id":6343,"href":"https:\/\/normaplas.com\/en\/wp-json\/wp\/v2\/product\/5839\/revisions\/6343"}],"wp:featuredmedia":[{"embeddable":true,"href":"https:\/\/normaplas.com\/en\/wp-json\/wp\/v2\/media\/5842"}],"wp:attachment":[{"href":"https:\/\/normaplas.com\/en\/wp-json\/wp\/v2\/media?parent=5839"}],"wp:term":[{"taxonomy":"product_cat","embeddable":true,"href":"https:\/\/normaplas.com\/en\/wp-json\/wp\/v2\/product_cat?post=5839"},{"taxonomy":"product_tag","embeddable":true,"href":"https:\/\/normaplas.com\/en\/wp-json\/wp\/v2\/product_tag?post=5839"}],"curies":[{"name":"wp","href":"https:\/\/api.w.org\/{rel}","templated":true}]}}